{"id":632,"date":"2024-12-17T08:18:40","date_gmt":"2024-12-17T08:18:40","guid":{"rendered":"https:\/\/axquartz.com\/?page_id=632"},"modified":"2025-07-02T08:34:18","modified_gmt":"2025-07-02T08:34:18","slug":"semiconductor","status":"publish","type":"page","link":"https:\/\/axquartz.com\/es\/semiconductor\/","title":{"rendered":"Industria de semiconductores"},"content":{"rendered":"<div class=\"container section-title-container\" ><h1 class=\"section-title section-title-bold-center\"><b aria-hidden=\"true\"><\/b><span class=\"section-title-main\" >industria de semiconductores<\/span><b aria-hidden=\"true\"><\/b><\/h1><\/div>\n\n\n\t<section class=\"section\" id=\"section_342441478\">\n\t\t<div class=\"section-bg fill\" >\n\t\t\t<img loading=\"lazy\" decoding=\"async\" width=\"2286\" height=\"1709\" src=\"https:\/\/axquartz.com\/wp-content\/uploads\/2024\/12\/back.webp\" class=\"bg attachment- size-\" alt=\"\" title=\"\">\t\t\t\t\t\t\n\t\t\t\n\n\t\t<\/div>\n\n\t\t\n\n\t\t<div class=\"section-content relative\">\n\t\t\t\n\n<div class=\"row row-large align-center\"  id=\"row-400318296\">\n\n\n\t<div id=\"col-211388651\" class=\"col large-12\"  >\n\t\t\t\t<div class=\"col-inner text-center\"  >\n\t\t\t\n\t\t\t\n\n\t<div class=\"img has-hover x md-x lg-x y md-y lg-y\" id=\"image_1992468306\">\n\t\t\t\t\t\t\t\t<div class=\"img-inner dark\" style=\"margin:50px 0px -50px 0px;\">\n\t\t\t<img loading=\"lazy\" decoding=\"async\" width=\"800\" height=\"800\" src=\"https:\/\/axquartz.com\/wp-content\/uploads\/2024\/12\/\u77f3\u82f1\u821f6.webp\" class=\"attachment-large size-large\" alt=\"\" srcset=\"https:\/\/axquartz.com\/wp-content\/uploads\/2024\/12\/\u77f3\u82f1\u821f6.webp 800w, https:\/\/axquartz.com\/wp-content\/uploads\/2024\/12\/\u77f3\u82f1\u821f6-400x400.webp 400w, https:\/\/axquartz.com\/wp-content\/uploads\/2024\/12\/\u77f3\u82f1\u821f6-280x280.webp 280w, https:\/\/axquartz.com\/wp-content\/uploads\/2024\/12\/\u77f3\u82f1\u821f6-768x768.webp 768w, https:\/\/axquartz.com\/wp-content\/uploads\/2024\/12\/\u77f3\u82f1\u821f6-300x300.webp 300w, https:\/\/axquartz.com\/wp-content\/uploads\/2024\/12\/\u77f3\u82f1\u821f6-600x600.webp 600w, https:\/\/axquartz.com\/wp-content\/uploads\/2024\/12\/\u77f3\u82f1\u821f6-100x100.webp 100w\" sizes=\"auto, (max-width: 800px) 100vw, 800px\" title=\"\">\t\t\t\t\t\t\n\t\t\t\t\t<\/div>\n\t\t\t\t\t\t\t\t\n<style>\n#image_1992468306 {\n  width: 50%;\n}\n<\/style>\n\t<\/div>\n\t\n\n\n\t\t<\/div>\n\t\t\t\t\t<\/div>\n\n\t\n\n\t<div id=\"col-1324678547\" class=\"col medium-10 small-12 large-10\"  >\n\t\t\t\t<div class=\"col-inner text-center\"  >\n\t\t\t\n\t\t\t\n\n<p>\u00a0<\/p>\n<h2>Industria de semiconductores<\/h2>\n<p class=\"translation-block\">Como fabricante l\u00edder para la industria de semiconductores, nos especializamos en productos de cuarzo de alta pureza y componentes de s\u00edlice fundida. Estos elementos esenciales, que incluyen portadores de obleas, tubos de hornos de difusi\u00f3n, ba\u00f1os de procesamiento y recipientes de suministro de gas hechos a medida, est\u00e1n dise\u00f1ados para una alta resistencia a la temperatura, inercia qu\u00edmica, baja expansi\u00f3n t\u00e9rmica y tolerancias de fabricaci\u00f3n precisas. Nuestras capacidades aseguran un entorno estable y no contaminante crucial para la producci\u00f3n de chips de alta calidad, ofreciendo soluciones a medida para satisfacer los requisitos de fabricaci\u00f3n de semiconductores m\u00e1s exigentes.<\/p>\n\n\t\t<\/div>\n\t\t\t\t\t<\/div>\n\n\t\n\n<\/div>\n\n\t\t<\/div>\n\n\t\t\n<style>\n#section_342441478 {\n  padding-top: 0px;\n  padding-bottom: 0px;\n  background-color: rgb(193, 193, 193);\n}\n<\/style>\n\t<\/section>\n\t\n\t\n  \n    <div class=\"row large-columns-3 medium-columns- small-columns-1 row-small has-shadow row-box-shadow-1 row-box-shadow-5-hover\" >\n  \n\t     <div class=\"col\" >\n\t\t\t\t\t\t<div class=\"col-inner\">\n\t\t\t\t\t\t\n<div class=\"badge-container absolute left top z-1\">\n\n<\/div>\n\t\t\t\t\t\t<div class=\"product-small box has-hover box-shade dark box-text-bottom\">\n\t\t\t\t\t\t\t<div class=\"box-image\" >\n\t\t\t\t\t\t\t\t<div class=\"\" >\n\t\t\t\t\t\t\t\t\t<a href=\"https:\/\/axquartz.com\/es\/product\/quartz-source-bottle\/\" aria-label=\"Custom Quartz Bubblers &amp; Precision Fused Silica Gas Delivery Vessels\">\n\t\t\t\t\t\t\t\t\t\t<img loading=\"lazy\" decoding=\"async\" width=\"300\" height=\"300\" src=\"https:\/\/axquartz.com\/wp-content\/uploads\/2024\/12\/2.\u77f3\u82f1\u6e90\u74f6-1-300x300.webp\" class=\"attachment-woocommerce_thumbnail size-woocommerce_thumbnail\" alt=\"Custom Quartz Bubblers &amp; Precision Fused Silica Gas Delivery Vessels\" srcset=\"https:\/\/axquartz.com\/wp-content\/uploads\/2024\/12\/2.\u77f3\u82f1\u6e90\u74f6-1-300x300.webp 300w, https:\/\/axquartz.com\/wp-content\/uploads\/2024\/12\/2.\u77f3\u82f1\u6e90\u74f6-1-400x400.webp 400w, https:\/\/axquartz.com\/wp-content\/uploads\/2024\/12\/2.\u77f3\u82f1\u6e90\u74f6-1-280x280.webp 280w, https:\/\/axquartz.com\/wp-content\/uploads\/2024\/12\/2.\u77f3\u82f1\u6e90\u74f6-1-768x768.webp 768w, https:\/\/axquartz.com\/wp-content\/uploads\/2024\/12\/2.\u77f3\u82f1\u6e90\u74f6-1-600x600.webp 600w, https:\/\/axquartz.com\/wp-content\/uploads\/2024\/12\/2.\u77f3\u82f1\u6e90\u74f6-1-100x100.webp 100w, https:\/\/axquartz.com\/wp-content\/uploads\/2024\/12\/2.\u77f3\u82f1\u6e90\u74f6-1.webp 800w\" sizes=\"auto, (max-width: 300px) 100vw, 300px\" title=\"\">\t\t\t\t\t\t\t\t\t<\/a>\n\t\t\t\t\t\t\t\t\t\t\t\t\t\t\t\t\t\t <div class=\"shade\"><\/div>\t\t\t\t\t\t\t\t<\/div>\n\t\t\t\t\t\t\t\t<div class=\"image-tools top right show-on-hover\">\n\t\t\t\t\t\t\t\t\t\t\t\t\t\t\t\t\t<\/div>\n\t\t\t\t\t\t\t\t\t\t\t\t\t\t\t\t\t\t\t\t\t\t\t<\/div>\n\n\t\t\t\t\t\t\t<div class=\"box-text text-center\" >\n\t\t\t\t\t\t\t\t<div class=\"title-wrapper\">\t\t<p class=\"category uppercase is-smaller no-text-overflow product-cat op-8\">\n\t\t\tSemiconductores de cuarzo\t\t<\/p>\n\t<p class=\"name product-title woocommerce-loop-product__title\"><a href=\"https:\/\/axquartz.com\/es\/product\/quartz-source-bottle\/\" class=\"woocommerce-LoopProduct-link woocommerce-loop-product__link\">Custom Quartz Bubblers &#038; Precision Fused Silica Gas Delivery Vessels<\/a><\/p><\/div><div class=\"price-wrapper\"><\/div><div class=\"overlay-tools\"><a href=\"#quick-view\" class=\"quick-view\" role=\"button\" data-prod=\"789\" aria-haspopup=\"dialog\" aria-expanded=\"false\" data-flatsome-role-button>Vista R\u00e1pida<\/a><\/div>\t\t\t\t\t\t\t<\/div>\n\t\t\t\t\t\t<\/div>\n\t\t\t\t\t\t<\/div>\n\t\t\t\t\t<\/div><div class=\"col\" >\n\t\t\t\t\t\t<div class=\"col-inner\">\n\t\t\t\t\t\t\n<div class=\"badge-container absolute left top z-1\">\n\n<\/div>\n\t\t\t\t\t\t<div class=\"product-small box has-hover box-shade dark box-text-bottom\">\n\t\t\t\t\t\t\t<div class=\"box-image\" >\n\t\t\t\t\t\t\t\t<div class=\"\" >\n\t\t\t\t\t\t\t\t\t<a href=\"https:\/\/axquartz.com\/es\/product\/quartz-wafer-cleaning-tank\/\" aria-label=\"Custom Quartz Wafer Cleaning Tanks &amp; Fused Silica Processing Baths\">\n\t\t\t\t\t\t\t\t\t\t<img loading=\"lazy\" decoding=\"async\" width=\"300\" height=\"300\" src=\"https:\/\/axquartz.com\/wp-content\/uploads\/2024\/12\/3.\u77f3\u82f1\u7845\u7247\u6e05\u6d17\u69fd-1-300x300.webp\" class=\"attachment-woocommerce_thumbnail size-woocommerce_thumbnail\" alt=\"Custom Quartz Wafer Cleaning Tanks &amp; Fused Silica Processing Baths\" srcset=\"https:\/\/axquartz.com\/wp-content\/uploads\/2024\/12\/3.\u77f3\u82f1\u7845\u7247\u6e05\u6d17\u69fd-1-300x300.webp 300w, https:\/\/axquartz.com\/wp-content\/uploads\/2024\/12\/3.\u77f3\u82f1\u7845\u7247\u6e05\u6d17\u69fd-1-400x400.webp 400w, https:\/\/axquartz.com\/wp-content\/uploads\/2024\/12\/3.\u77f3\u82f1\u7845\u7247\u6e05\u6d17\u69fd-1-280x280.webp 280w, https:\/\/axquartz.com\/wp-content\/uploads\/2024\/12\/3.\u77f3\u82f1\u7845\u7247\u6e05\u6d17\u69fd-1-600x600.webp 600w, https:\/\/axquartz.com\/wp-content\/uploads\/2024\/12\/3.\u77f3\u82f1\u7845\u7247\u6e05\u6d17\u69fd-1-100x100.webp 100w, https:\/\/axquartz.com\/wp-content\/uploads\/2024\/12\/3.\u77f3\u82f1\u7845\u7247\u6e05\u6d17\u69fd-1.webp 750w\" sizes=\"auto, (max-width: 300px) 100vw, 300px\" title=\"\">\t\t\t\t\t\t\t\t\t<\/a>\n\t\t\t\t\t\t\t\t\t\t\t\t\t\t\t\t\t\t <div class=\"shade\"><\/div>\t\t\t\t\t\t\t\t<\/div>\n\t\t\t\t\t\t\t\t<div class=\"image-tools top right show-on-hover\">\n\t\t\t\t\t\t\t\t\t\t\t\t\t\t\t\t\t<\/div>\n\t\t\t\t\t\t\t\t\t\t\t\t\t\t\t\t\t\t\t\t\t\t\t<\/div>\n\n\t\t\t\t\t\t\t<div class=\"box-text text-center\" >\n\t\t\t\t\t\t\t\t<div class=\"title-wrapper\">\t\t<p class=\"category uppercase is-smaller no-text-overflow product-cat op-8\">\n\t\t\tSemiconductores de cuarzo\t\t<\/p>\n\t<p class=\"name product-title woocommerce-loop-product__title\"><a href=\"https:\/\/axquartz.com\/es\/product\/quartz-wafer-cleaning-tank\/\" class=\"woocommerce-LoopProduct-link woocommerce-loop-product__link\">Custom Quartz Wafer Cleaning Tanks &#038; Fused Silica Processing Baths<\/a><\/p><\/div><div class=\"price-wrapper\"><\/div><div class=\"overlay-tools\"><a href=\"#quick-view\" class=\"quick-view\" role=\"button\" data-prod=\"790\" aria-haspopup=\"dialog\" aria-expanded=\"false\" data-flatsome-role-button>Vista R\u00e1pida<\/a><\/div>\t\t\t\t\t\t\t<\/div>\n\t\t\t\t\t\t<\/div>\n\t\t\t\t\t\t<\/div>\n\t\t\t\t\t<\/div><div class=\"col\" >\n\t\t\t\t\t\t<div class=\"col-inner\">\n\t\t\t\t\t\t\n<div class=\"badge-container absolute left top z-1\">\n\n<\/div>\n\t\t\t\t\t\t<div class=\"product-small box has-hover box-shade dark box-text-bottom\">\n\t\t\t\t\t\t\t<div class=\"box-image\" >\n\t\t\t\t\t\t\t\t<div class=\"\" >\n\t\t\t\t\t\t\t\t\t<a href=\"https:\/\/axquartz.com\/es\/product\/quartz-cage-boat\/\" aria-label=\"Perforated Quartz Wafer Baskets &amp; Custom Fused Silica Process Carriers\">\n\t\t\t\t\t\t\t\t\t\t<img loading=\"lazy\" decoding=\"async\" width=\"300\" height=\"300\" src=\"https:\/\/axquartz.com\/wp-content\/uploads\/2024\/12\/5.\u77f3\u82f1\u7b3c\u821f-1-300x300.webp\" class=\"attachment-woocommerce_thumbnail size-woocommerce_thumbnail\" alt=\"Perforated Quartz Wafer Baskets &amp; Custom Fused Silica Process Carriers\" srcset=\"https:\/\/axquartz.com\/wp-content\/uploads\/2024\/12\/5.\u77f3\u82f1\u7b3c\u821f-1-300x300.webp 300w, https:\/\/axquartz.com\/wp-content\/uploads\/2024\/12\/5.\u77f3\u82f1\u7b3c\u821f-1-400x400.webp 400w, https:\/\/axquartz.com\/wp-content\/uploads\/2024\/12\/5.\u77f3\u82f1\u7b3c\u821f-1-280x280.webp 280w, https:\/\/axquartz.com\/wp-content\/uploads\/2024\/12\/5.\u77f3\u82f1\u7b3c\u821f-1-768x768.webp 768w, https:\/\/axquartz.com\/wp-content\/uploads\/2024\/12\/5.\u77f3\u82f1\u7b3c\u821f-1-600x600.webp 600w, https:\/\/axquartz.com\/wp-content\/uploads\/2024\/12\/5.\u77f3\u82f1\u7b3c\u821f-1-100x100.webp 100w, https:\/\/axquartz.com\/wp-content\/uploads\/2024\/12\/5.\u77f3\u82f1\u7b3c\u821f-1.webp 800w\" sizes=\"auto, (max-width: 300px) 100vw, 300px\" title=\"\">\t\t\t\t\t\t\t\t\t<\/a>\n\t\t\t\t\t\t\t\t\t\t\t\t\t\t\t\t\t\t <div class=\"shade\"><\/div>\t\t\t\t\t\t\t\t<\/div>\n\t\t\t\t\t\t\t\t<div class=\"image-tools top right show-on-hover\">\n\t\t\t\t\t\t\t\t\t\t\t\t\t\t\t\t\t<\/div>\n\t\t\t\t\t\t\t\t\t\t\t\t\t\t\t\t\t\t\t\t\t\t\t<\/div>\n\n\t\t\t\t\t\t\t<div class=\"box-text text-center\" >\n\t\t\t\t\t\t\t\t<div class=\"title-wrapper\">\t\t<p class=\"category uppercase is-smaller no-text-overflow product-cat op-8\">\n\t\t\tSemiconductores de cuarzo\t\t<\/p>\n\t<p class=\"name product-title woocommerce-loop-product__title\"><a href=\"https:\/\/axquartz.com\/es\/product\/quartz-cage-boat\/\" class=\"woocommerce-LoopProduct-link woocommerce-loop-product__link\">Perforated Quartz Wafer Baskets &#038; Custom Fused Silica Process Carriers<\/a><\/p><\/div><div class=\"price-wrapper\"><\/div><div class=\"overlay-tools\"><a href=\"#quick-view\" class=\"quick-view\" role=\"button\" data-prod=\"793\" aria-haspopup=\"dialog\" aria-expanded=\"false\" data-flatsome-role-button>Vista R\u00e1pida<\/a><\/div>\t\t\t\t\t\t\t<\/div>\n\t\t\t\t\t\t<\/div>\n\t\t\t\t\t\t<\/div>\n\t\t\t\t\t<\/div><div class=\"col\" >\n\t\t\t\t\t\t<div class=\"col-inner\">\n\t\t\t\t\t\t\n<div class=\"badge-container absolute left top z-1\">\n\n<\/div>\n\t\t\t\t\t\t<div class=\"product-small box has-hover box-shade dark box-text-bottom\">\n\t\t\t\t\t\t\t<div class=\"box-image\" >\n\t\t\t\t\t\t\t\t<div class=\"\" >\n\t\t\t\t\t\t\t\t\t<a href=\"https:\/\/axquartz.com\/es\/product\/quartz-boat-carrier\/\" aria-label=\"Custom Quartz Boat Carriers &amp; Precision Fused Silica Wafer Transfer Forks\">\n\t\t\t\t\t\t\t\t\t\t<img loading=\"lazy\" decoding=\"async\" width=\"300\" height=\"300\" src=\"https:\/\/axquartz.com\/wp-content\/uploads\/2024\/12\/6.\u5149\u4f0f\u77f3\u82f1\u821f\u6258-300x300.webp\" class=\"attachment-woocommerce_thumbnail size-woocommerce_thumbnail\" alt=\"Custom Quartz Boat Carriers &amp; Precision Fused Silica Wafer Transfer Forks\" srcset=\"https:\/\/axquartz.com\/wp-content\/uploads\/2024\/12\/6.\u5149\u4f0f\u77f3\u82f1\u821f\u6258-300x300.webp 300w, https:\/\/axquartz.com\/wp-content\/uploads\/2024\/12\/6.\u5149\u4f0f\u77f3\u82f1\u821f\u6258-400x400.webp 400w, https:\/\/axquartz.com\/wp-content\/uploads\/2024\/12\/6.\u5149\u4f0f\u77f3\u82f1\u821f\u6258-800x800.webp 800w, https:\/\/axquartz.com\/wp-content\/uploads\/2024\/12\/6.\u5149\u4f0f\u77f3\u82f1\u821f\u6258-280x280.webp 280w, https:\/\/axquartz.com\/wp-content\/uploads\/2024\/12\/6.\u5149\u4f0f\u77f3\u82f1\u821f\u6258-768x768.webp 768w, https:\/\/axquartz.com\/wp-content\/uploads\/2024\/12\/6.\u5149\u4f0f\u77f3\u82f1\u821f\u6258-600x600.webp 600w, https:\/\/axquartz.com\/wp-content\/uploads\/2024\/12\/6.\u5149\u4f0f\u77f3\u82f1\u821f\u6258-100x100.webp 100w, https:\/\/axquartz.com\/wp-content\/uploads\/2024\/12\/6.\u5149\u4f0f\u77f3\u82f1\u821f\u6258.webp 1080w\" sizes=\"auto, (max-width: 300px) 100vw, 300px\" title=\"\">\t\t\t\t\t\t\t\t\t<\/a>\n\t\t\t\t\t\t\t\t\t\t\t\t\t\t\t\t\t\t <div class=\"shade\"><\/div>\t\t\t\t\t\t\t\t<\/div>\n\t\t\t\t\t\t\t\t<div class=\"image-tools top right show-on-hover\">\n\t\t\t\t\t\t\t\t\t\t\t\t\t\t\t\t\t<\/div>\n\t\t\t\t\t\t\t\t\t\t\t\t\t\t\t\t\t\t\t\t\t\t\t<\/div>\n\n\t\t\t\t\t\t\t<div class=\"box-text text-center\" >\n\t\t\t\t\t\t\t\t<div class=\"title-wrapper\">\t\t<p class=\"category uppercase is-smaller no-text-overflow product-cat op-8\">\n\t\t\tSemiconductores de cuarzo\t\t<\/p>\n\t<p class=\"name product-title woocommerce-loop-product__title\"><a href=\"https:\/\/axquartz.com\/es\/product\/quartz-boat-carrier\/\" class=\"woocommerce-LoopProduct-link woocommerce-loop-product__link\">Custom Quartz Boat Carriers &#038; Precision Fused Silica Wafer Transfer Forks<\/a><\/p><\/div><div class=\"price-wrapper\"><\/div><div class=\"overlay-tools\"><a href=\"#quick-view\" class=\"quick-view\" role=\"button\" data-prod=\"794\" aria-haspopup=\"dialog\" aria-expanded=\"false\" data-flatsome-role-button>Vista R\u00e1pida<\/a><\/div>\t\t\t\t\t\t\t<\/div>\n\t\t\t\t\t\t<\/div>\n\t\t\t\t\t\t<\/div>\n\t\t\t\t\t<\/div><div class=\"col\" >\n\t\t\t\t\t\t<div class=\"col-inner\">\n\t\t\t\t\t\t\n<div class=\"badge-container absolute left top z-1\">\n\n<\/div>\n\t\t\t\t\t\t<div class=\"product-small box has-hover box-shade dark box-text-bottom\">\n\t\t\t\t\t\t\t<div class=\"box-image\" >\n\t\t\t\t\t\t\t\t<div class=\"\" >\n\t\t\t\t\t\t\t\t\t<a href=\"https:\/\/axquartz.com\/es\/product\/quartz-wafer-boat\/\" aria-label=\"Quartz Wafer Boats &amp; Fused Silica Wafer Carriers\">\n\t\t\t\t\t\t\t\t\t\t<img loading=\"lazy\" decoding=\"async\" width=\"300\" height=\"300\" src=\"https:\/\/axquartz.com\/wp-content\/uploads\/2024\/12\/1.\u534a\u5bfc\u4f53\u63d2\u7247\u821f-300x300.webp\" class=\"attachment-woocommerce_thumbnail size-woocommerce_thumbnail\" alt=\"Quartz Wafer Boats &amp; Fused Silica Wafer Carriers\" srcset=\"https:\/\/axquartz.com\/wp-content\/uploads\/2024\/12\/1.\u534a\u5bfc\u4f53\u63d2\u7247\u821f-300x300.webp 300w, https:\/\/axquartz.com\/wp-content\/uploads\/2024\/12\/1.\u534a\u5bfc\u4f53\u63d2\u7247\u821f-400x400.webp 400w, https:\/\/axquartz.com\/wp-content\/uploads\/2024\/12\/1.\u534a\u5bfc\u4f53\u63d2\u7247\u821f-280x280.webp 280w, https:\/\/axquartz.com\/wp-content\/uploads\/2024\/12\/1.\u534a\u5bfc\u4f53\u63d2\u7247\u821f-768x768.webp 768w, https:\/\/axquartz.com\/wp-content\/uploads\/2024\/12\/1.\u534a\u5bfc\u4f53\u63d2\u7247\u821f-600x600.webp 600w, https:\/\/axquartz.com\/wp-content\/uploads\/2024\/12\/1.\u534a\u5bfc\u4f53\u63d2\u7247\u821f-100x100.webp 100w, https:\/\/axquartz.com\/wp-content\/uploads\/2024\/12\/1.\u534a\u5bfc\u4f53\u63d2\u7247\u821f.webp 800w\" sizes=\"auto, (max-width: 300px) 100vw, 300px\" title=\"\">\t\t\t\t\t\t\t\t\t<\/a>\n\t\t\t\t\t\t\t\t\t\t\t\t\t\t\t\t\t\t <div class=\"shade\"><\/div>\t\t\t\t\t\t\t\t<\/div>\n\t\t\t\t\t\t\t\t<div class=\"image-tools top right show-on-hover\">\n\t\t\t\t\t\t\t\t\t\t\t\t\t\t\t\t\t<\/div>\n\t\t\t\t\t\t\t\t\t\t\t\t\t\t\t\t\t\t\t\t\t\t\t<\/div>\n\n\t\t\t\t\t\t\t<div class=\"box-text text-center\" >\n\t\t\t\t\t\t\t\t<div class=\"title-wrapper\">\t\t<p class=\"category uppercase is-smaller no-text-overflow product-cat op-8\">\n\t\t\tSemiconductores de cuarzo\t\t<\/p>\n\t<p class=\"name product-title woocommerce-loop-product__title\"><a href=\"https:\/\/axquartz.com\/es\/product\/quartz-wafer-boat\/\" class=\"woocommerce-LoopProduct-link woocommerce-loop-product__link\">Quartz Wafer Boats &#038; Fused Silica Wafer Carriers<\/a><\/p><\/div><div class=\"price-wrapper\"><\/div><div class=\"overlay-tools\"><a href=\"#quick-view\" class=\"quick-view\" role=\"button\" data-prod=\"795\" aria-haspopup=\"dialog\" aria-expanded=\"false\" data-flatsome-role-button>Vista R\u00e1pida<\/a><\/div>\t\t\t\t\t\t\t<\/div>\n\t\t\t\t\t\t<\/div>\n\t\t\t\t\t\t<\/div>\n\t\t\t\t\t<\/div><div class=\"col\" >\n\t\t\t\t\t\t<div class=\"col-inner\">\n\t\t\t\t\t\t\n<div class=\"badge-container absolute left top z-1\">\n\n<\/div>\n\t\t\t\t\t\t<div class=\"product-small box has-hover box-shade dark box-text-bottom\">\n\t\t\t\t\t\t\t<div class=\"box-image\" >\n\t\t\t\t\t\t\t\t<div class=\"\" >\n\t\t\t\t\t\t\t\t\t<a href=\"https:\/\/axquartz.com\/es\/product\/quartz-flange\/\" aria-label=\"Quartz Flanges &amp; Fused Silica Vacuum Components\">\n\t\t\t\t\t\t\t\t\t\t<img loading=\"lazy\" decoding=\"async\" width=\"300\" height=\"300\" src=\"https:\/\/axquartz.com\/wp-content\/uploads\/2024\/12\/3.\u77f3\u82f1\u6cd5\u5170\u73af-300x300.webp\" class=\"attachment-woocommerce_thumbnail size-woocommerce_thumbnail\" alt=\"Quartz Flanges &amp; Fused Silica Vacuum Components\" srcset=\"https:\/\/axquartz.com\/wp-content\/uploads\/2024\/12\/3.\u77f3\u82f1\u6cd5\u5170\u73af-300x300.webp 300w, https:\/\/axquartz.com\/wp-content\/uploads\/2024\/12\/3.\u77f3\u82f1\u6cd5\u5170\u73af-400x400.webp 400w, https:\/\/axquartz.com\/wp-content\/uploads\/2024\/12\/3.\u77f3\u82f1\u6cd5\u5170\u73af-280x280.webp 280w, https:\/\/axquartz.com\/wp-content\/uploads\/2024\/12\/3.\u77f3\u82f1\u6cd5\u5170\u73af-768x768.webp 768w, https:\/\/axquartz.com\/wp-content\/uploads\/2024\/12\/3.\u77f3\u82f1\u6cd5\u5170\u73af-600x600.webp 600w, https:\/\/axquartz.com\/wp-content\/uploads\/2024\/12\/3.\u77f3\u82f1\u6cd5\u5170\u73af-100x100.webp 100w, https:\/\/axquartz.com\/wp-content\/uploads\/2024\/12\/3.\u77f3\u82f1\u6cd5\u5170\u73af.webp 800w\" sizes=\"auto, (max-width: 300px) 100vw, 300px\" title=\"\">\t\t\t\t\t\t\t\t\t<\/a>\n\t\t\t\t\t\t\t\t\t\t\t\t\t\t\t\t\t\t <div class=\"shade\"><\/div>\t\t\t\t\t\t\t\t<\/div>\n\t\t\t\t\t\t\t\t<div class=\"image-tools top right show-on-hover\">\n\t\t\t\t\t\t\t\t\t\t\t\t\t\t\t\t\t<\/div>\n\t\t\t\t\t\t\t\t\t\t\t\t\t\t\t\t\t\t\t\t\t\t\t<\/div>\n\n\t\t\t\t\t\t\t<div class=\"box-text text-center\" >\n\t\t\t\t\t\t\t\t<div class=\"title-wrapper\">\t\t<p class=\"category uppercase is-smaller no-text-overflow product-cat op-8\">\n\t\t\tSemiconductores de cuarzo\t\t<\/p>\n\t<p class=\"name product-title woocommerce-loop-product__title\"><a href=\"https:\/\/axquartz.com\/es\/product\/quartz-flange\/\" class=\"woocommerce-LoopProduct-link woocommerce-loop-product__link\">Quartz Flanges &#038; Fused Silica Vacuum Components<\/a><\/p><\/div><div class=\"price-wrapper\"><\/div><div class=\"overlay-tools\"><a href=\"#quick-view\" class=\"quick-view\" role=\"button\" data-prod=\"810\" aria-haspopup=\"dialog\" aria-expanded=\"false\" data-flatsome-role-button>Vista R\u00e1pida<\/a><\/div>\t\t\t\t\t\t\t<\/div>\n\t\t\t\t\t\t<\/div>\n\t\t\t\t\t\t<\/div>\n\t\t\t\t\t<\/div><div class=\"col\" >\n\t\t\t\t\t\t<div class=\"col-inner\">\n\t\t\t\t\t\t\n<div class=\"badge-container absolute left top z-1\">\n\n<\/div>\n\t\t\t\t\t\t<div class=\"product-small box has-hover box-shade dark box-text-bottom\">\n\t\t\t\t\t\t\t<div class=\"box-image\" >\n\t\t\t\t\t\t\t\t<div class=\"\" >\n\t\t\t\t\t\t\t\t\t<a href=\"https:\/\/axquartz.com\/es\/product\/quartz-flange-pipes\/\" aria-label=\"Quartz Flange Tubes &amp; Fused Silica Flanged Pipes\">\n\t\t\t\t\t\t\t\t\t\t<img loading=\"lazy\" decoding=\"async\" width=\"300\" height=\"300\" src=\"https:\/\/axquartz.com\/wp-content\/uploads\/2024\/12\/2.\u77f3\u82f1\u6cd5\u5170\u7ba1-1-1-300x300.webp\" class=\"attachment-woocommerce_thumbnail size-woocommerce_thumbnail\" alt=\"Quartz Flange Tubes &amp; Fused Silica Flanged Pipes\" srcset=\"https:\/\/axquartz.com\/wp-content\/uploads\/2024\/12\/2.\u77f3\u82f1\u6cd5\u5170\u7ba1-1-1-300x300.webp 300w, https:\/\/axquartz.com\/wp-content\/uploads\/2024\/12\/2.\u77f3\u82f1\u6cd5\u5170\u7ba1-1-1-400x400.webp 400w, https:\/\/axquartz.com\/wp-content\/uploads\/2024\/12\/2.\u77f3\u82f1\u6cd5\u5170\u7ba1-1-1-800x800.webp 800w, https:\/\/axquartz.com\/wp-content\/uploads\/2024\/12\/2.\u77f3\u82f1\u6cd5\u5170\u7ba1-1-1-280x280.webp 280w, https:\/\/axquartz.com\/wp-content\/uploads\/2024\/12\/2.\u77f3\u82f1\u6cd5\u5170\u7ba1-1-1-768x768.webp 768w, https:\/\/axquartz.com\/wp-content\/uploads\/2024\/12\/2.\u77f3\u82f1\u6cd5\u5170\u7ba1-1-1-600x600.webp 600w, https:\/\/axquartz.com\/wp-content\/uploads\/2024\/12\/2.\u77f3\u82f1\u6cd5\u5170\u7ba1-1-1-100x100.webp 100w, https:\/\/axquartz.com\/wp-content\/uploads\/2024\/12\/2.\u77f3\u82f1\u6cd5\u5170\u7ba1-1-1.webp 1000w\" sizes=\"auto, (max-width: 300px) 100vw, 300px\" title=\"\">\t\t\t\t\t\t\t\t\t<\/a>\n\t\t\t\t\t\t\t\t\t\t\t\t\t\t\t\t\t\t <div class=\"shade\"><\/div>\t\t\t\t\t\t\t\t<\/div>\n\t\t\t\t\t\t\t\t<div class=\"image-tools top right show-on-hover\">\n\t\t\t\t\t\t\t\t\t\t\t\t\t\t\t\t\t<\/div>\n\t\t\t\t\t\t\t\t\t\t\t\t\t\t\t\t\t\t\t\t\t\t\t<\/div>\n\n\t\t\t\t\t\t\t<div class=\"box-text text-center\" >\n\t\t\t\t\t\t\t\t<div class=\"title-wrapper\">\t\t<p class=\"category uppercase is-smaller no-text-overflow product-cat op-8\">\n\t\t\tSemiconductores de cuarzo\t\t<\/p>\n\t<p class=\"name product-title woocommerce-loop-product__title\"><a href=\"https:\/\/axquartz.com\/es\/product\/quartz-flange-pipes\/\" class=\"woocommerce-LoopProduct-link woocommerce-loop-product__link\">Quartz Flange Tubes &#038; Fused Silica Flanged Pipes<\/a><\/p><\/div><div class=\"price-wrapper\"><\/div><div class=\"overlay-tools\"><a href=\"#quick-view\" class=\"quick-view\" role=\"button\" data-prod=\"817\" aria-haspopup=\"dialog\" aria-expanded=\"false\" data-flatsome-role-button>Vista R\u00e1pida<\/a><\/div>\t\t\t\t\t\t\t<\/div>\n\t\t\t\t\t\t<\/div>\n\t\t\t\t\t\t<\/div>\n\t\t\t\t\t<\/div><\/div>","protected":false},"excerpt":{"rendered":"","protected":false},"author":1,"featured_media":0,"parent":0,"menu_order":0,"comment_status":"closed","ping_status":"closed","template":"","meta":{"footnotes":""},"class_list":["post-632","page","type-page","status-publish","hentry"],"_links":{"self":[{"href":"https:\/\/axquartz.com\/es\/wp-json\/wp\/v2\/pages\/632","targetHints":{"allow":["GET"]}}],"collection":[{"href":"https:\/\/axquartz.com\/es\/wp-json\/wp\/v2\/pages"}],"about":[{"href":"https:\/\/axquartz.com\/es\/wp-json\/wp\/v2\/types\/page"}],"author":[{"embeddable":true,"href":"https:\/\/axquartz.com\/es\/wp-json\/wp\/v2\/users\/1"}],"replies":[{"embeddable":true,"href":"https:\/\/axquartz.com\/es\/wp-json\/wp\/v2\/comments?post=632"}],"version-history":[{"count":8,"href":"https:\/\/axquartz.com\/es\/wp-json\/wp\/v2\/pages\/632\/revisions"}],"predecessor-version":[{"id":1371,"href":"https:\/\/axquartz.com\/es\/wp-json\/wp\/v2\/pages\/632\/revisions\/1371"}],"wp:attachment":[{"href":"https:\/\/axquartz.com\/es\/wp-json\/wp\/v2\/media?parent=632"}],"curies":[{"name":"wp","href":"https:\/\/api.w.org\/{rel}","templated":true}]}}