{"id":696,"date":"2024-12-18T08:23:49","date_gmt":"2024-12-18T08:23:49","guid":{"rendered":"https:\/\/axquartz.com\/?page_id=696"},"modified":"2024-12-27T03:29:40","modified_gmt":"2024-12-27T03:29:40","slug":"quartz-glass-for-optical-applications","status":"publish","type":"page","link":"https:\/\/axquartz.com\/fr\/quartz-glass-for-optical-applications\/","title":{"rendered":"Applications optiques"},"content":{"rendered":"<div class=\"container section-title-container\" ><h1 class=\"section-title section-title-bold-center\"><b aria-hidden=\"true\"><\/b><span class=\"section-title-main\" >Quartz Glass for Optical Applications<\/span><b aria-hidden=\"true\"><\/b><\/h1><\/div>\n\n\n\t<section class=\"section\" id=\"section_36153766\">\n\t\t<div class=\"section-bg fill\" >\n\t\t\t<img loading=\"lazy\" decoding=\"async\" width=\"2286\" height=\"1709\" src=\"https:\/\/axquartz.com\/wp-content\/uploads\/2024\/12\/back.webp\" class=\"bg attachment- size-\" alt=\"\" title=\"\">\t\t\t\t\t\t\n\t\t\t\n\n\t\t<\/div>\n\n\t\t\n\n\t\t<div class=\"section-content relative\">\n\t\t\t\n\n<div class=\"row row-large align-center\"  id=\"row-1302900673\">\n\n\n\t<div id=\"col-1178837471\" class=\"col large-12\"  >\n\t\t\t\t<div class=\"col-inner text-center\"  >\n\t\t\t\n\t\t\t\n\n\t<div class=\"img has-hover x md-x lg-x y md-y lg-y\" id=\"image_315469714\">\n\t\t\t\t\t\t\t\t<div class=\"img-inner dark\" style=\"margin:50px 0px -50px 0px;\">\n\t\t\t<img loading=\"lazy\" decoding=\"async\" width=\"800\" height=\"800\" src=\"https:\/\/axquartz.com\/wp-content\/uploads\/2024\/12\/5.\u77f3\u82f1\u65b9\u5f62\u89c6\u7a97-.webp\" class=\"attachment-large size-large\" alt=\"Fen\u00eatre carr\u00e9e en verre de quartz\" srcset=\"https:\/\/axquartz.com\/wp-content\/uploads\/2024\/12\/5.\u77f3\u82f1\u65b9\u5f62\u89c6\u7a97-.webp 800w, https:\/\/axquartz.com\/wp-content\/uploads\/2024\/12\/5.\u77f3\u82f1\u65b9\u5f62\u89c6\u7a97--400x400.webp 400w, https:\/\/axquartz.com\/wp-content\/uploads\/2024\/12\/5.\u77f3\u82f1\u65b9\u5f62\u89c6\u7a97--280x280.webp 280w, https:\/\/axquartz.com\/wp-content\/uploads\/2024\/12\/5.\u77f3\u82f1\u65b9\u5f62\u89c6\u7a97--768x768.webp 768w, https:\/\/axquartz.com\/wp-content\/uploads\/2024\/12\/5.\u77f3\u82f1\u65b9\u5f62\u89c6\u7a97--300x300.webp 300w, https:\/\/axquartz.com\/wp-content\/uploads\/2024\/12\/5.\u77f3\u82f1\u65b9\u5f62\u89c6\u7a97--600x600.webp 600w, https:\/\/axquartz.com\/wp-content\/uploads\/2024\/12\/5.\u77f3\u82f1\u65b9\u5f62\u89c6\u7a97--100x100.webp 100w\" sizes=\"auto, (max-width: 800px) 100vw, 800px\" title=\"\">\t\t\t\t\t\t\n\t\t\t\t\t<\/div>\n\t\t\t\t\t\t\t\t\n<style>\n#image_315469714 {\n  width: 50%;\n}\n<\/style>\n\t<\/div>\n\t\n\n\n\t\t<\/div>\n\t\t\t\t\t<\/div>\n\n\t\n\n\t<div id=\"col-689014737\" class=\"col medium-10 small-12 large-10\"  >\n\t\t\t\t<div class=\"col-inner text-center\"  >\n\t\t\t\n\t\t\t\n\n<p>\u00a0<\/p>\n<h2>Quartz Glass for Optical Applications<\/h2>\n<p>Quartz glass for optical applications is a high-performance material that plays a crucial role in the optics field due to its broad spectral transmission, high optical homogeneity, radiation resistance, and low thermal expansion coefficient. Its ability to maintain good light transmission across an extremely wide spectrum, from far-ultraviolet to far-infrared, makes quartz glass an ideal choice for manufacturing optical components, precision optical instruments, and high-temperature equipment. Additionally, the radiation resistance of quartz glass makes it indispensable in aerospace and defense applications, such as spacecraft window materials and shields for key components in space laboratories. These characteristics collectively ensure the superior performance and reliability of quartz glass in optical applications.<\/p>\n\n\t\t<\/div>\n\t\t\t\t\t<\/div>\n\n\t\n\n<\/div>\n\n\t\t<\/div>\n\n\t\t\n<style>\n#section_36153766 {\n  padding-top: 0px;\n  padding-bottom: 0px;\n  background-color: rgb(193, 193, 193);\n}\n<\/style>\n\t<\/section>\n\t\n\t\n  \n    <div class=\"row large-columns-3 medium-columns- small-columns-1 row-small has-shadow row-box-shadow-1 row-box-shadow-5-hover\" >\n  \n\t     <div class=\"col\" >\n\t\t\t\t\t\t<div class=\"col-inner\">\n\t\t\t\t\t\t\n<div class=\"badge-container absolute left top z-1\">\n\n<\/div>\n\t\t\t\t\t\t<div class=\"product-small box has-hover box-shade dark box-text-bottom\">\n\t\t\t\t\t\t\t<div class=\"box-image\" >\n\t\t\t\t\t\t\t\t<div class=\"\" >\n\t\t\t\t\t\t\t\t\t<a href=\"https:\/\/axquartz.com\/fr\/product\/large-size-quartz-glass-plate\/\" aria-label=\"Large Quartz Glass Plates &amp; High-Purity Fused Silica Sheets\">\n\t\t\t\t\t\t\t\t\t\t<img loading=\"lazy\" decoding=\"async\" width=\"300\" height=\"300\" src=\"https:\/\/axquartz.com\/wp-content\/uploads\/2024\/12\/1.\u5927\u5c3a\u5bf8\u77f3\u82f1\u73bb\u7483\u7247-300x300.webp\" class=\"attachment-woocommerce_thumbnail size-woocommerce_thumbnail\" alt=\"Plaque de verre de quartz grand format\" srcset=\"https:\/\/axquartz.com\/wp-content\/uploads\/2024\/12\/1.\u5927\u5c3a\u5bf8\u77f3\u82f1\u73bb\u7483\u7247-300x300.webp 300w, https:\/\/axquartz.com\/wp-content\/uploads\/2024\/12\/1.\u5927\u5c3a\u5bf8\u77f3\u82f1\u73bb\u7483\u7247-400x400.webp 400w, https:\/\/axquartz.com\/wp-content\/uploads\/2024\/12\/1.\u5927\u5c3a\u5bf8\u77f3\u82f1\u73bb\u7483\u7247-280x280.webp 280w, https:\/\/axquartz.com\/wp-content\/uploads\/2024\/12\/1.\u5927\u5c3a\u5bf8\u77f3\u82f1\u73bb\u7483\u7247-768x768.webp 768w, https:\/\/axquartz.com\/wp-content\/uploads\/2024\/12\/1.\u5927\u5c3a\u5bf8\u77f3\u82f1\u73bb\u7483\u7247-600x600.webp 600w, https:\/\/axquartz.com\/wp-content\/uploads\/2024\/12\/1.\u5927\u5c3a\u5bf8\u77f3\u82f1\u73bb\u7483\u7247-100x100.webp 100w, https:\/\/axquartz.com\/wp-content\/uploads\/2024\/12\/1.\u5927\u5c3a\u5bf8\u77f3\u82f1\u73bb\u7483\u7247.webp 800w\" sizes=\"auto, (max-width: 300px) 100vw, 300px\" title=\"\">\t\t\t\t\t\t\t\t\t<\/a>\n\t\t\t\t\t\t\t\t\t\t\t\t\t\t\t\t\t\t <div class=\"shade\"><\/div>\t\t\t\t\t\t\t\t<\/div>\n\t\t\t\t\t\t\t\t<div class=\"image-tools top right show-on-hover\">\n\t\t\t\t\t\t\t\t\t\t\t\t\t\t\t\t\t<\/div>\n\t\t\t\t\t\t\t\t\t\t\t\t\t\t\t\t\t\t\t\t\t\t\t<\/div>\n\n\t\t\t\t\t\t\t<div class=\"box-text text-center\" >\n\t\t\t\t\t\t\t\t<div class=\"title-wrapper\">\t\t<p class=\"category uppercase is-smaller no-text-overflow product-cat op-8\">\n\t\t\tVerre de quartz optique\t\t<\/p>\n\t<p class=\"name product-title woocommerce-loop-product__title\"><a href=\"https:\/\/axquartz.com\/fr\/product\/large-size-quartz-glass-plate\/\" class=\"woocommerce-LoopProduct-link woocommerce-loop-product__link\">Grandes Plaques de Verre de Quartz &amp; Feuilles de Silice Fondue Haute Puret\u00e9<\/a><\/p><\/div><div class=\"price-wrapper\"><\/div><div class=\"overlay-tools\"><a href=\"#quick-view\" class=\"quick-view\" role=\"button\" data-prod=\"840\" aria-haspopup=\"dialog\" aria-expanded=\"false\" data-flatsome-role-button>Aper\u00e7u<\/a><\/div>\t\t\t\t\t\t\t<\/div>\n\t\t\t\t\t\t<\/div>\n\t\t\t\t\t\t<\/div>\n\t\t\t\t\t<\/div><div class=\"col\" >\n\t\t\t\t\t\t<div class=\"col-inner\">\n\t\t\t\t\t\t\n<div class=\"badge-container absolute left top z-1\">\n\n<\/div>\n\t\t\t\t\t\t<div class=\"product-small box has-hover box-shade dark box-text-bottom\">\n\t\t\t\t\t\t\t<div class=\"box-image\" >\n\t\t\t\t\t\t\t\t<div class=\"\" >\n\t\t\t\t\t\t\t\t\t<a href=\"https:\/\/axquartz.com\/fr\/product\/optical-quartz-plate\/\" aria-label=\"Optical Quartz Plates &amp; Custom Fused Silica Windows\">\n\t\t\t\t\t\t\t\t\t\t<img loading=\"lazy\" decoding=\"async\" width=\"300\" height=\"300\" src=\"https:\/\/axquartz.com\/wp-content\/uploads\/2024\/12\/2.\u5149\u5b66\u77f3\u82f1\u65b9\u7247-300x300.webp\" class=\"attachment-woocommerce_thumbnail size-woocommerce_thumbnail\" alt=\"Plaque de quartz optique\" srcset=\"https:\/\/axquartz.com\/wp-content\/uploads\/2024\/12\/2.\u5149\u5b66\u77f3\u82f1\u65b9\u7247-300x300.webp 300w, https:\/\/axquartz.com\/wp-content\/uploads\/2024\/12\/2.\u5149\u5b66\u77f3\u82f1\u65b9\u7247-400x400.webp 400w, https:\/\/axquartz.com\/wp-content\/uploads\/2024\/12\/2.\u5149\u5b66\u77f3\u82f1\u65b9\u7247-280x280.webp 280w, https:\/\/axquartz.com\/wp-content\/uploads\/2024\/12\/2.\u5149\u5b66\u77f3\u82f1\u65b9\u7247-768x768.webp 768w, https:\/\/axquartz.com\/wp-content\/uploads\/2024\/12\/2.\u5149\u5b66\u77f3\u82f1\u65b9\u7247-600x600.webp 600w, https:\/\/axquartz.com\/wp-content\/uploads\/2024\/12\/2.\u5149\u5b66\u77f3\u82f1\u65b9\u7247-100x100.webp 100w, https:\/\/axquartz.com\/wp-content\/uploads\/2024\/12\/2.\u5149\u5b66\u77f3\u82f1\u65b9\u7247.webp 800w\" sizes=\"auto, (max-width: 300px) 100vw, 300px\" title=\"\">\t\t\t\t\t\t\t\t\t<\/a>\n\t\t\t\t\t\t\t\t\t\t\t\t\t\t\t\t\t\t <div class=\"shade\"><\/div>\t\t\t\t\t\t\t\t<\/div>\n\t\t\t\t\t\t\t\t<div class=\"image-tools top right show-on-hover\">\n\t\t\t\t\t\t\t\t\t\t\t\t\t\t\t\t\t<\/div>\n\t\t\t\t\t\t\t\t\t\t\t\t\t\t\t\t\t\t\t\t\t\t\t<\/div>\n\n\t\t\t\t\t\t\t<div class=\"box-text text-center\" >\n\t\t\t\t\t\t\t\t<div class=\"title-wrapper\">\t\t<p class=\"category uppercase is-smaller no-text-overflow product-cat op-8\">\n\t\t\tVerre de quartz optique\t\t<\/p>\n\t<p class=\"name product-title woocommerce-loop-product__title\"><a href=\"https:\/\/axquartz.com\/fr\/product\/optical-quartz-plate\/\" class=\"woocommerce-LoopProduct-link woocommerce-loop-product__link\">Optical Quartz Plates &#038; Custom Fused Silica Windows<\/a><\/p><\/div><div class=\"price-wrapper\"><\/div><div class=\"overlay-tools\"><a href=\"#quick-view\" class=\"quick-view\" role=\"button\" data-prod=\"850\" aria-haspopup=\"dialog\" aria-expanded=\"false\" data-flatsome-role-button>Aper\u00e7u<\/a><\/div>\t\t\t\t\t\t\t<\/div>\n\t\t\t\t\t\t<\/div>\n\t\t\t\t\t\t<\/div>\n\t\t\t\t\t<\/div><div class=\"col\" >\n\t\t\t\t\t\t<div class=\"col-inner\">\n\t\t\t\t\t\t\n<div class=\"badge-container absolute left top z-1\">\n\n<\/div>\n\t\t\t\t\t\t<div class=\"product-small box has-hover box-shade dark box-text-bottom\">\n\t\t\t\t\t\t\t<div class=\"box-image\" >\n\t\t\t\t\t\t\t\t<div class=\"\" >\n\t\t\t\t\t\t\t\t\t<a href=\"https:\/\/axquartz.com\/fr\/product\/quartz-disc\/\" aria-label=\"Custom Quartz Discs &amp; Fused Silica Windows\">\n\t\t\t\t\t\t\t\t\t\t<img loading=\"lazy\" decoding=\"async\" width=\"300\" height=\"300\" src=\"https:\/\/axquartz.com\/wp-content\/uploads\/2024\/12\/3.\u77f3\u82f1\u5706\u7247-300x300.webp\" class=\"attachment-woocommerce_thumbnail size-woocommerce_thumbnail\" alt=\"Disque de quartz\" srcset=\"https:\/\/axquartz.com\/wp-content\/uploads\/2024\/12\/3.\u77f3\u82f1\u5706\u7247-300x300.webp 300w, https:\/\/axquartz.com\/wp-content\/uploads\/2024\/12\/3.\u77f3\u82f1\u5706\u7247-400x400.webp 400w, https:\/\/axquartz.com\/wp-content\/uploads\/2024\/12\/3.\u77f3\u82f1\u5706\u7247-280x280.webp 280w, https:\/\/axquartz.com\/wp-content\/uploads\/2024\/12\/3.\u77f3\u82f1\u5706\u7247-768x768.webp 768w, https:\/\/axquartz.com\/wp-content\/uploads\/2024\/12\/3.\u77f3\u82f1\u5706\u7247-600x600.webp 600w, https:\/\/axquartz.com\/wp-content\/uploads\/2024\/12\/3.\u77f3\u82f1\u5706\u7247-100x100.webp 100w, https:\/\/axquartz.com\/wp-content\/uploads\/2024\/12\/3.\u77f3\u82f1\u5706\u7247.webp 800w\" sizes=\"auto, (max-width: 300px) 100vw, 300px\" title=\"\">\t\t\t\t\t\t\t\t\t<\/a>\n\t\t\t\t\t\t\t\t\t\t\t\t\t\t\t\t\t\t <div class=\"shade\"><\/div>\t\t\t\t\t\t\t\t<\/div>\n\t\t\t\t\t\t\t\t<div class=\"image-tools top right show-on-hover\">\n\t\t\t\t\t\t\t\t\t\t\t\t\t\t\t\t\t<\/div>\n\t\t\t\t\t\t\t\t\t\t\t\t\t\t\t\t\t\t\t\t\t\t\t<\/div>\n\n\t\t\t\t\t\t\t<div class=\"box-text text-center\" >\n\t\t\t\t\t\t\t\t<div class=\"title-wrapper\">\t\t<p class=\"category uppercase is-smaller no-text-overflow product-cat op-8\">\n\t\t\tVerre de quartz optique\t\t<\/p>\n\t<p class=\"name product-title woocommerce-loop-product__title\"><a href=\"https:\/\/axquartz.com\/fr\/product\/quartz-disc\/\" class=\"woocommerce-LoopProduct-link woocommerce-loop-product__link\">Custom Quartz Discs &#038; Fused Silica Windows<\/a><\/p><\/div><div class=\"price-wrapper\"><\/div><div class=\"overlay-tools\"><a href=\"#quick-view\" class=\"quick-view\" role=\"button\" data-prod=\"851\" aria-haspopup=\"dialog\" aria-expanded=\"false\" data-flatsome-role-button>Aper\u00e7u<\/a><\/div>\t\t\t\t\t\t\t<\/div>\n\t\t\t\t\t\t<\/div>\n\t\t\t\t\t\t<\/div>\n\t\t\t\t\t<\/div><div class=\"col\" >\n\t\t\t\t\t\t<div class=\"col-inner\">\n\t\t\t\t\t\t\n<div class=\"badge-container absolute left top z-1\">\n\n<\/div>\n\t\t\t\t\t\t<div class=\"product-small box has-hover box-shade dark box-text-bottom\">\n\t\t\t\t\t\t\t<div class=\"box-image\" >\n\t\t\t\t\t\t\t\t<div class=\"\" >\n\t\t\t\t\t\t\t\t\t<a href=\"https:\/\/axquartz.com\/fr\/product\/quartz-wafer\/\" aria-label=\"Custom Quartz Wafers &amp; Fused Silica Substrates\">\n\t\t\t\t\t\t\t\t\t\t<img loading=\"lazy\" decoding=\"async\" width=\"300\" height=\"300\" src=\"https:\/\/axquartz.com\/wp-content\/uploads\/2024\/12\/4.\u77f3\u82f1\u6676\u5706\u7247-300x300.webp\" class=\"attachment-woocommerce_thumbnail size-woocommerce_thumbnail\" alt=\"Tranche de quartz\" srcset=\"https:\/\/axquartz.com\/wp-content\/uploads\/2024\/12\/4.\u77f3\u82f1\u6676\u5706\u7247-300x300.webp 300w, https:\/\/axquartz.com\/wp-content\/uploads\/2024\/12\/4.\u77f3\u82f1\u6676\u5706\u7247-400x400.webp 400w, https:\/\/axquartz.com\/wp-content\/uploads\/2024\/12\/4.\u77f3\u82f1\u6676\u5706\u7247-280x280.webp 280w, https:\/\/axquartz.com\/wp-content\/uploads\/2024\/12\/4.\u77f3\u82f1\u6676\u5706\u7247-768x768.webp 768w, https:\/\/axquartz.com\/wp-content\/uploads\/2024\/12\/4.\u77f3\u82f1\u6676\u5706\u7247-600x600.webp 600w, https:\/\/axquartz.com\/wp-content\/uploads\/2024\/12\/4.\u77f3\u82f1\u6676\u5706\u7247-100x100.webp 100w, https:\/\/axquartz.com\/wp-content\/uploads\/2024\/12\/4.\u77f3\u82f1\u6676\u5706\u7247.webp 800w\" sizes=\"auto, (max-width: 300px) 100vw, 300px\" title=\"\">\t\t\t\t\t\t\t\t\t<\/a>\n\t\t\t\t\t\t\t\t\t\t\t\t\t\t\t\t\t\t <div class=\"shade\"><\/div>\t\t\t\t\t\t\t\t<\/div>\n\t\t\t\t\t\t\t\t<div class=\"image-tools top right show-on-hover\">\n\t\t\t\t\t\t\t\t\t\t\t\t\t\t\t\t\t<\/div>\n\t\t\t\t\t\t\t\t\t\t\t\t\t\t\t\t\t\t\t\t\t\t\t<\/div>\n\n\t\t\t\t\t\t\t<div class=\"box-text text-center\" >\n\t\t\t\t\t\t\t\t<div class=\"title-wrapper\">\t\t<p class=\"category uppercase is-smaller no-text-overflow product-cat op-8\">\n\t\t\tVerre de quartz optique\t\t<\/p>\n\t<p class=\"name product-title woocommerce-loop-product__title\"><a href=\"https:\/\/axquartz.com\/fr\/product\/quartz-wafer\/\" class=\"woocommerce-LoopProduct-link woocommerce-loop-product__link\">Custom Quartz Wafers &#038; Fused Silica Substrates<\/a><\/p><\/div><div class=\"price-wrapper\"><\/div><div class=\"overlay-tools\"><a href=\"#quick-view\" class=\"quick-view\" role=\"button\" data-prod=\"853\" aria-haspopup=\"dialog\" aria-expanded=\"false\" data-flatsome-role-button>Aper\u00e7u<\/a><\/div>\t\t\t\t\t\t\t<\/div>\n\t\t\t\t\t\t<\/div>\n\t\t\t\t\t\t<\/div>\n\t\t\t\t\t<\/div><div class=\"col\" >\n\t\t\t\t\t\t<div class=\"col-inner\">\n\t\t\t\t\t\t\n<div class=\"badge-container absolute left top z-1\">\n\n<\/div>\n\t\t\t\t\t\t<div class=\"product-small box has-hover box-shade dark box-text-bottom\">\n\t\t\t\t\t\t\t<div class=\"box-image\" >\n\t\t\t\t\t\t\t\t<div class=\"\" >\n\t\t\t\t\t\t\t\t\t<a href=\"https:\/\/axquartz.com\/fr\/product\/quartz-square-window\/\" aria-label=\"Custom Quartz Sight Glass | Precision Machined Fused Silica Windows &amp; Components\">\n\t\t\t\t\t\t\t\t\t\t<img loading=\"lazy\" decoding=\"async\" width=\"300\" height=\"300\" src=\"https:\/\/axquartz.com\/wp-content\/uploads\/2024\/12\/5.\u77f3\u82f1\u65b9\u5f62\u89c6\u7a97--300x300.webp\" class=\"attachment-woocommerce_thumbnail size-woocommerce_thumbnail\" alt=\"Fen\u00eatre carr\u00e9e en verre de quartz\" srcset=\"https:\/\/axquartz.com\/wp-content\/uploads\/2024\/12\/5.\u77f3\u82f1\u65b9\u5f62\u89c6\u7a97--300x300.webp 300w, https:\/\/axquartz.com\/wp-content\/uploads\/2024\/12\/5.\u77f3\u82f1\u65b9\u5f62\u89c6\u7a97--400x400.webp 400w, https:\/\/axquartz.com\/wp-content\/uploads\/2024\/12\/5.\u77f3\u82f1\u65b9\u5f62\u89c6\u7a97--280x280.webp 280w, https:\/\/axquartz.com\/wp-content\/uploads\/2024\/12\/5.\u77f3\u82f1\u65b9\u5f62\u89c6\u7a97--768x768.webp 768w, https:\/\/axquartz.com\/wp-content\/uploads\/2024\/12\/5.\u77f3\u82f1\u65b9\u5f62\u89c6\u7a97--600x600.webp 600w, https:\/\/axquartz.com\/wp-content\/uploads\/2024\/12\/5.\u77f3\u82f1\u65b9\u5f62\u89c6\u7a97--100x100.webp 100w, https:\/\/axquartz.com\/wp-content\/uploads\/2024\/12\/5.\u77f3\u82f1\u65b9\u5f62\u89c6\u7a97-.webp 800w\" sizes=\"auto, (max-width: 300px) 100vw, 300px\" title=\"\">\t\t\t\t\t\t\t\t\t<\/a>\n\t\t\t\t\t\t\t\t\t\t\t\t\t\t\t\t\t\t <div class=\"shade\"><\/div>\t\t\t\t\t\t\t\t<\/div>\n\t\t\t\t\t\t\t\t<div class=\"image-tools top right show-on-hover\">\n\t\t\t\t\t\t\t\t\t\t\t\t\t\t\t\t\t<\/div>\n\t\t\t\t\t\t\t\t\t\t\t\t\t\t\t\t\t\t\t\t\t\t\t<\/div>\n\n\t\t\t\t\t\t\t<div class=\"box-text text-center\" >\n\t\t\t\t\t\t\t\t<div class=\"title-wrapper\">\t\t<p class=\"category uppercase is-smaller no-text-overflow product-cat op-8\">\n\t\t\tVerre de quartz optique\t\t<\/p>\n\t<p class=\"name product-title woocommerce-loop-product__title\"><a href=\"https:\/\/axquartz.com\/fr\/product\/quartz-square-window\/\" class=\"woocommerce-LoopProduct-link woocommerce-loop-product__link\">Voyant en Quartz Sur Mesure | Fen\u00eatres et Composants en Silice Fondue Usin\u00e9s avec Pr\u00e9cision<\/a><\/p><\/div><div class=\"price-wrapper\"><\/div><div class=\"overlay-tools\"><a href=\"#quick-view\" class=\"quick-view\" role=\"button\" data-prod=\"854\" aria-haspopup=\"dialog\" aria-expanded=\"false\" data-flatsome-role-button>Aper\u00e7u<\/a><\/div>\t\t\t\t\t\t\t<\/div>\n\t\t\t\t\t\t<\/div>\n\t\t\t\t\t\t<\/div>\n\t\t\t\t\t<\/div><div class=\"col\" >\n\t\t\t\t\t\t<div class=\"col-inner\">\n\t\t\t\t\t\t\n<div class=\"badge-container absolute left top z-1\">\n\n<\/div>\n\t\t\t\t\t\t<div class=\"product-small box has-hover box-shade dark box-text-bottom\">\n\t\t\t\t\t\t\t<div class=\"box-image\" >\n\t\t\t\t\t\t\t\t<div class=\"\" >\n\t\t\t\t\t\t\t\t\t<a href=\"https:\/\/axquartz.com\/fr\/product\/quartz-special-shaped-window\/\" aria-label=\"Fen\u00eatres en Quartz de Forme Sp\u00e9ciale Sur Mesure | Composants en Silice Fondue Usin\u00e9s avec Pr\u00e9cision\">\n\t\t\t\t\t\t\t\t\t\t<img loading=\"lazy\" decoding=\"async\" width=\"300\" height=\"300\" src=\"https:\/\/axquartz.com\/wp-content\/uploads\/2024\/12\/6.\u77f3\u82f1\u5f02\u578b\u89c6\u7a97-300x300.webp\" class=\"attachment-woocommerce_thumbnail size-woocommerce_thumbnail\" alt=\"Fen\u00eatre en quartz de forme sp\u00e9ciale\" srcset=\"https:\/\/axquartz.com\/wp-content\/uploads\/2024\/12\/6.\u77f3\u82f1\u5f02\u578b\u89c6\u7a97-300x300.webp 300w, https:\/\/axquartz.com\/wp-content\/uploads\/2024\/12\/6.\u77f3\u82f1\u5f02\u578b\u89c6\u7a97-400x400.webp 400w, https:\/\/axquartz.com\/wp-content\/uploads\/2024\/12\/6.\u77f3\u82f1\u5f02\u578b\u89c6\u7a97-280x280.webp 280w, https:\/\/axquartz.com\/wp-content\/uploads\/2024\/12\/6.\u77f3\u82f1\u5f02\u578b\u89c6\u7a97-768x768.webp 768w, https:\/\/axquartz.com\/wp-content\/uploads\/2024\/12\/6.\u77f3\u82f1\u5f02\u578b\u89c6\u7a97-600x600.webp 600w, https:\/\/axquartz.com\/wp-content\/uploads\/2024\/12\/6.\u77f3\u82f1\u5f02\u578b\u89c6\u7a97-100x100.webp 100w, https:\/\/axquartz.com\/wp-content\/uploads\/2024\/12\/6.\u77f3\u82f1\u5f02\u578b\u89c6\u7a97.webp 800w\" sizes=\"auto, (max-width: 300px) 100vw, 300px\" title=\"\">\t\t\t\t\t\t\t\t\t<\/a>\n\t\t\t\t\t\t\t\t\t\t\t\t\t\t\t\t\t\t <div class=\"shade\"><\/div>\t\t\t\t\t\t\t\t<\/div>\n\t\t\t\t\t\t\t\t<div class=\"image-tools top right show-on-hover\">\n\t\t\t\t\t\t\t\t\t\t\t\t\t\t\t\t\t<\/div>\n\t\t\t\t\t\t\t\t\t\t\t\t\t\t\t\t\t\t\t\t\t\t\t<\/div>\n\n\t\t\t\t\t\t\t<div class=\"box-text text-center\" >\n\t\t\t\t\t\t\t\t<div class=\"title-wrapper\">\t\t<p class=\"category uppercase is-smaller no-text-overflow product-cat op-8\">\n\t\t\tVerre de quartz optique\t\t<\/p>\n\t<p class=\"name product-title woocommerce-loop-product__title\"><a href=\"https:\/\/axquartz.com\/fr\/product\/quartz-special-shaped-window\/\" class=\"woocommerce-LoopProduct-link woocommerce-loop-product__link\">Fen\u00eatres en Quartz de Forme Sp\u00e9ciale Sur Mesure | Composants en Silice Fondue Usin\u00e9s avec Pr\u00e9cision<\/a><\/p><\/div><div class=\"price-wrapper\"><\/div><div class=\"overlay-tools\"><a href=\"#quick-view\" class=\"quick-view\" role=\"button\" data-prod=\"855\" aria-haspopup=\"dialog\" aria-expanded=\"false\" data-flatsome-role-button>Aper\u00e7u<\/a><\/div>\t\t\t\t\t\t\t<\/div>\n\t\t\t\t\t\t<\/div>\n\t\t\t\t\t\t<\/div>\n\t\t\t\t\t<\/div><div class=\"col\" >\n\t\t\t\t\t\t<div class=\"col-inner\">\n\t\t\t\t\t\t\n<div class=\"badge-container absolute left top z-1\">\n\n<\/div>\n\t\t\t\t\t\t<div class=\"product-small box has-hover box-shade dark box-text-bottom\">\n\t\t\t\t\t\t\t<div class=\"box-image\" >\n\t\t\t\t\t\t\t\t<div class=\"\" >\n\t\t\t\t\t\t\t\t\t<a href=\"https:\/\/axquartz.com\/fr\/product\/custom-shaped-gold-coated-plate\/\" aria-label=\"Plaques de Quartz Recouvertes d&#039;Or Sur Mesure | Substrats de Silice Fondue de Pr\u00e9cision\">\n\t\t\t\t\t\t\t\t\t\t<img loading=\"lazy\" decoding=\"async\" width=\"300\" height=\"300\" src=\"https:\/\/axquartz.com\/wp-content\/uploads\/2024\/12\/8.\u5706\u89d2\u957f\u6761\u9540\u91d1-300x300.webp\" class=\"show-on-hover absolute fill hide-for-small back-image\" alt=\"Bande longue \u00e0 bords arrondis avec rev\u00eatement dor\u00e9\" aria-hidden=\"true\" srcset=\"https:\/\/axquartz.com\/wp-content\/uploads\/2024\/12\/8.\u5706\u89d2\u957f\u6761\u9540\u91d1-300x300.webp 300w, https:\/\/axquartz.com\/wp-content\/uploads\/2024\/12\/8.\u5706\u89d2\u957f\u6761\u9540\u91d1-400x400.webp 400w, https:\/\/axquartz.com\/wp-content\/uploads\/2024\/12\/8.\u5706\u89d2\u957f\u6761\u9540\u91d1-800x800.webp 800w, https:\/\/axquartz.com\/wp-content\/uploads\/2024\/12\/8.\u5706\u89d2\u957f\u6761\u9540\u91d1-280x280.webp 280w, https:\/\/axquartz.com\/wp-content\/uploads\/2024\/12\/8.\u5706\u89d2\u957f\u6761\u9540\u91d1-768x768.webp 768w, https:\/\/axquartz.com\/wp-content\/uploads\/2024\/12\/8.\u5706\u89d2\u957f\u6761\u9540\u91d1-1536x1536.webp 1536w, https:\/\/axquartz.com\/wp-content\/uploads\/2024\/12\/8.\u5706\u89d2\u957f\u6761\u9540\u91d1-2048x2048.webp 2048w, https:\/\/axquartz.com\/wp-content\/uploads\/2024\/12\/8.\u5706\u89d2\u957f\u6761\u9540\u91d1-600x600.webp 600w, https:\/\/axquartz.com\/wp-content\/uploads\/2024\/12\/8.\u5706\u89d2\u957f\u6761\u9540\u91d1-100x100.webp 100w\" sizes=\"auto, (max-width: 300px) 100vw, 300px\" title=\"\"><img loading=\"lazy\" decoding=\"async\" width=\"300\" height=\"300\" src=\"https:\/\/axquartz.com\/wp-content\/uploads\/2024\/12\/7.\u5f02\u578b\u9540\u91d1\u7247-300x300.webp\" class=\"attachment-woocommerce_thumbnail size-woocommerce_thumbnail\" alt=\"Plaque en forme personnalis\u00e9e avec rev\u00eatement dor\u00e9\" srcset=\"https:\/\/axquartz.com\/wp-content\/uploads\/2024\/12\/7.\u5f02\u578b\u9540\u91d1\u7247-300x300.webp 300w, https:\/\/axquartz.com\/wp-content\/uploads\/2024\/12\/7.\u5f02\u578b\u9540\u91d1\u7247-400x400.webp 400w, https:\/\/axquartz.com\/wp-content\/uploads\/2024\/12\/7.\u5f02\u578b\u9540\u91d1\u7247-800x800.webp 800w, https:\/\/axquartz.com\/wp-content\/uploads\/2024\/12\/7.\u5f02\u578b\u9540\u91d1\u7247-280x280.webp 280w, https:\/\/axquartz.com\/wp-content\/uploads\/2024\/12\/7.\u5f02\u578b\u9540\u91d1\u7247-768x768.webp 768w, https:\/\/axquartz.com\/wp-content\/uploads\/2024\/12\/7.\u5f02\u578b\u9540\u91d1\u7247-600x600.webp 600w, https:\/\/axquartz.com\/wp-content\/uploads\/2024\/12\/7.\u5f02\u578b\u9540\u91d1\u7247-100x100.webp 100w, https:\/\/axquartz.com\/wp-content\/uploads\/2024\/12\/7.\u5f02\u578b\u9540\u91d1\u7247.webp 1000w\" sizes=\"auto, (max-width: 300px) 100vw, 300px\" title=\"\">\t\t\t\t\t\t\t\t\t<\/a>\n\t\t\t\t\t\t\t\t\t\t\t\t\t\t\t\t\t\t <div class=\"shade\"><\/div>\t\t\t\t\t\t\t\t<\/div>\n\t\t\t\t\t\t\t\t<div class=\"image-tools top right show-on-hover\">\n\t\t\t\t\t\t\t\t\t\t\t\t\t\t\t\t\t<\/div>\n\t\t\t\t\t\t\t\t\t\t\t\t\t\t\t\t\t\t\t\t\t\t\t<\/div>\n\n\t\t\t\t\t\t\t<div class=\"box-text text-center\" >\n\t\t\t\t\t\t\t\t<div class=\"title-wrapper\">\t\t<p class=\"category uppercase is-smaller no-text-overflow product-cat op-8\">\n\t\t\tVerre de quartz optique\t\t<\/p>\n\t<p class=\"name product-title woocommerce-loop-product__title\"><a href=\"https:\/\/axquartz.com\/fr\/product\/custom-shaped-gold-coated-plate\/\" class=\"woocommerce-LoopProduct-link woocommerce-loop-product__link\">Plaques de Quartz Recouvertes d'Or Sur Mesure | Substrats de Silice Fondue de Pr\u00e9cision<\/a><\/p><\/div><div class=\"price-wrapper\"><\/div><div class=\"overlay-tools\"><a href=\"#quick-view\" class=\"quick-view\" role=\"button\" data-prod=\"857\" aria-haspopup=\"dialog\" aria-expanded=\"false\" data-flatsome-role-button>Aper\u00e7u<\/a><\/div>\t\t\t\t\t\t\t<\/div>\n\t\t\t\t\t\t<\/div>\n\t\t\t\t\t\t<\/div>\n\t\t\t\t\t<\/div><\/div>","protected":false},"excerpt":{"rendered":"","protected":false},"author":1,"featured_media":0,"parent":0,"menu_order":0,"comment_status":"closed","ping_status":"closed","template":"","meta":{"footnotes":""},"class_list":["post-696","page","type-page","status-publish","hentry"],"_links":{"self":[{"href":"https:\/\/axquartz.com\/fr\/wp-json\/wp\/v2\/pages\/696","targetHints":{"allow":["GET"]}}],"collection":[{"href":"https:\/\/axquartz.com\/fr\/wp-json\/wp\/v2\/pages"}],"about":[{"href":"https:\/\/axquartz.com\/fr\/wp-json\/wp\/v2\/types\/page"}],"author":[{"embeddable":true,"href":"https:\/\/axquartz.com\/fr\/wp-json\/wp\/v2\/users\/1"}],"replies":[{"embeddable":true,"href":"https:\/\/axquartz.com\/fr\/wp-json\/wp\/v2\/comments?post=696"}],"version-history":[{"count":5,"href":"https:\/\/axquartz.com\/fr\/wp-json\/wp\/v2\/pages\/696\/revisions"}],"predecessor-version":[{"id":972,"href":"https:\/\/axquartz.com\/fr\/wp-json\/wp\/v2\/pages\/696\/revisions\/972"}],"wp:attachment":[{"href":"https:\/\/axquartz.com\/fr\/wp-json\/wp\/v2\/media?parent=696"}],"curies":[{"name":"wp","href":"https:\/\/api.w.org\/{rel}","templated":true}]}}