{"id":902,"date":"2024-12-26T10:03:59","date_gmt":"2024-12-26T10:03:59","guid":{"rendered":"https:\/\/axquartz.com\/?page_id=902"},"modified":"2024-12-26T10:24:39","modified_gmt":"2024-12-26T10:24:39","slug":"petri-dish","status":"publish","type":"page","link":"https:\/\/axquartz.com\/fr\/petri-dish\/","title":{"rendered":"Bo\u00eete de Petri"},"content":{"rendered":"<div class=\"container section-title-container\" ><h1 class=\"section-title section-title-bold-center\"><b aria-hidden=\"true\"><\/b><span class=\"section-title-main\" >Bo\u00eete de Petri<\/span><b aria-hidden=\"true\"><\/b><\/h1><\/div>\n\n\n\t<section class=\"section\" id=\"section_1577163047\">\n\t\t<div class=\"section-bg fill\" >\n\t\t\t<img loading=\"lazy\" decoding=\"async\" width=\"2286\" height=\"1709\" src=\"https:\/\/axquartz.com\/wp-content\/uploads\/2024\/12\/back.webp\" class=\"bg attachment- size-\" alt=\"\" title=\"\">\t\t\t\t\t\t\n\t\t\t\n\n\t\t<\/div>\n\n\t\t\n\n\t\t<div class=\"section-content relative\">\n\t\t\t\n\n<div class=\"row row-large align-center\"  id=\"row-1618198851\">\n\n\n\t<div id=\"col-147859191\" class=\"col large-12\"  >\n\t\t\t\t<div class=\"col-inner text-center\"  >\n\t\t\t\n\t\t\t\n\n\t<div class=\"img has-hover x md-x lg-x y md-y lg-y\" id=\"image_331308478\">\n\t\t\t\t\t\t\t\t<div class=\"img-inner dark\" style=\"margin:50px 0px -50px 0px;\">\n\t\t\t<img loading=\"lazy\" decoding=\"async\" width=\"800\" height=\"800\" src=\"https:\/\/axquartz.com\/wp-content\/uploads\/2024\/12\/\u77f3\u82f1\u57f9\u517b\u76bf3.webp\" class=\"attachment-large size-large\" alt=\"Bo\u00eete de P\u00e9tri en quartz\" srcset=\"https:\/\/axquartz.com\/wp-content\/uploads\/2024\/12\/\u77f3\u82f1\u57f9\u517b\u76bf3.webp 800w, https:\/\/axquartz.com\/wp-content\/uploads\/2024\/12\/\u77f3\u82f1\u57f9\u517b\u76bf3-400x400.webp 400w, https:\/\/axquartz.com\/wp-content\/uploads\/2024\/12\/\u77f3\u82f1\u57f9\u517b\u76bf3-280x280.webp 280w, https:\/\/axquartz.com\/wp-content\/uploads\/2024\/12\/\u77f3\u82f1\u57f9\u517b\u76bf3-768x768.webp 768w, https:\/\/axquartz.com\/wp-content\/uploads\/2024\/12\/\u77f3\u82f1\u57f9\u517b\u76bf3-300x300.webp 300w, https:\/\/axquartz.com\/wp-content\/uploads\/2024\/12\/\u77f3\u82f1\u57f9\u517b\u76bf3-600x600.webp 600w, https:\/\/axquartz.com\/wp-content\/uploads\/2024\/12\/\u77f3\u82f1\u57f9\u517b\u76bf3-100x100.webp 100w\" sizes=\"auto, (max-width: 800px) 100vw, 800px\" title=\"\">\t\t\t\t\t\t\n\t\t\t\t\t<\/div>\n\t\t\t\t\t\t\t\t\n<style>\n#image_331308478 {\n  width: 50%;\n}\n<\/style>\n\t<\/div>\n\t\n\n\n\t\t<\/div>\n\t\t\t\t\t<\/div>\n\n\t\n\n\t<div id=\"col-562690043\" class=\"col small-12 large-12\"  >\n\t\t\t\t<div class=\"col-inner text-center\"  >\n\t\t\t\n\t\t\t\n\n<p>\u00a0<\/p>\n<h2>Quartz Glass Petri Dish<\/h2>\n<p class=\"ng-star-inserted\"><strong class=\"ng-star-inserted\"><span class=\"ng-star-inserted\">XRD Sample Holders:<\/span><\/strong><span class=\"ng-star-inserted\">\u00a0Specifically designed for X-ray diffraction analysis, these holders ensure precise positioning of samples during analysis, providing accurate and reliable data for your crystal structure research.<\/span><\/p>\n<p class=\"ng-star-inserted\"><strong class=\"ng-star-inserted\"><span class=\"ng-star-inserted\">Quartz Flow Cells:<\/span><\/strong><span class=\"ng-star-inserted\">\u00a0Ideal for spectroscopic analysis, particularly in applications requiring continuous flow of samples. The quartz material ensures high light transmittance from the ultraviolet to the visible light regions, making them an ideal choice for spectroscopic measurements.<\/span><\/p>\n<p class=\"ng-star-inserted\"><strong class=\"ng-star-inserted\"><span class=\"ng-star-inserted\">Quartz Petri Dishes:<\/span><\/strong><span class=\"ng-star-inserted\">\u00a0Suitable for cell culture and microbiology research, these dishes are made of high-purity quartz glass, offering superior chemical stability and transparency, providing a high-quality platform for your laboratory applications.<\/span><\/p>\n<p class=\"ng-star-inserted\"><strong class=\"ng-star-inserted\"><span class=\"ng-star-inserted\">Custom Quartz Petri Dishes:<\/span><\/strong><span class=\"ng-star-inserted\">\u00a0We offer custom services to meet specific experimental needs. Whether it&#8217;s size or shape, we can tailor these petri dishes to your exact requirements, ensuring optimal support for your research.<\/span><\/p>\n<p class=\"ng-star-inserted\"><strong class=\"ng-star-inserted\"><span class=\"ng-star-inserted\">Quartz Round Screw-Top Cuvettes:<\/span><\/strong><span class=\"ng-star-inserted\">\u00a0Designed specifically for spectroscopic analysis, the round screw-top ensures sample stability and sealing. The high light transmittance of the quartz material in the ultraviolet to visible light regions makes these cuvettes the preferred tool for accurate spectroscopic analyses.&#8221;<\/span><\/p>\n\n\t\t<\/div>\n\t\t\t\t\t<\/div>\n\n\t\n\n<\/div>\n\n\t\t<\/div>\n\n\t\t\n<style>\n#section_1577163047 {\n  padding-top: 0px;\n  padding-bottom: 0px;\n  background-color: rgb(193, 193, 193);\n}\n<\/style>\n\t<\/section>\n\t\n\t\n  \n    <div class=\"row large-columns-3 medium-columns- small-columns-1 row-small has-shadow row-box-shadow-1 row-box-shadow-5-hover\" >\n  \n\t     <div class=\"col\" >\n\t\t\t\t\t\t<div class=\"col-inner\">\n\t\t\t\t\t\t\n<div class=\"badge-container absolute left top z-1\">\n\n<\/div>\n\t\t\t\t\t\t<div class=\"product-small box has-hover box-shade dark box-text-bottom\">\n\t\t\t\t\t\t\t<div class=\"box-image\" >\n\t\t\t\t\t\t\t\t<div class=\"\" >\n\t\t\t\t\t\t\t\t\t<a href=\"https:\/\/axquartz.com\/fr\/product\/quartz-xrd-sample-holder\/\" aria-label=\"Porte-\u00c9chantillon Quartz DRX | Supports d&#039;\u00c9chantillons en Silice Fondue \u00e0 Faible Bruit de Fond\">\n\t\t\t\t\t\t\t\t\t\t<img loading=\"lazy\" decoding=\"async\" width=\"300\" height=\"300\" src=\"https:\/\/axquartz.com\/wp-content\/uploads\/2024\/12\/XRD\u6837\u54c1\u69fd1-300x300.webp\" class=\"attachment-woocommerce_thumbnail size-woocommerce_thumbnail\" alt=\"Porte-\u00e9chantillons XRD en quartz\" srcset=\"https:\/\/axquartz.com\/wp-content\/uploads\/2024\/12\/XRD\u6837\u54c1\u69fd1-300x300.webp 300w, https:\/\/axquartz.com\/wp-content\/uploads\/2024\/12\/XRD\u6837\u54c1\u69fd1-400x400.webp 400w, https:\/\/axquartz.com\/wp-content\/uploads\/2024\/12\/XRD\u6837\u54c1\u69fd1-280x280.webp 280w, https:\/\/axquartz.com\/wp-content\/uploads\/2024\/12\/XRD\u6837\u54c1\u69fd1-768x768.webp 768w, https:\/\/axquartz.com\/wp-content\/uploads\/2024\/12\/XRD\u6837\u54c1\u69fd1-600x600.webp 600w, https:\/\/axquartz.com\/wp-content\/uploads\/2024\/12\/XRD\u6837\u54c1\u69fd1-100x100.webp 100w, https:\/\/axquartz.com\/wp-content\/uploads\/2024\/12\/XRD\u6837\u54c1\u69fd1.webp 800w\" sizes=\"auto, (max-width: 300px) 100vw, 300px\" title=\"\">\t\t\t\t\t\t\t\t\t<\/a>\n\t\t\t\t\t\t\t\t\t\t\t\t\t\t\t\t\t\t <div class=\"shade\"><\/div>\t\t\t\t\t\t\t\t<\/div>\n\t\t\t\t\t\t\t\t<div class=\"image-tools top right show-on-hover\">\n\t\t\t\t\t\t\t\t\t\t\t\t\t\t\t\t\t<\/div>\n\t\t\t\t\t\t\t\t\t\t\t\t\t\t\t\t\t\t\t\t\t\t\t<\/div>\n\n\t\t\t\t\t\t\t<div class=\"box-text text-center\" >\n\t\t\t\t\t\t\t\t<div class=\"title-wrapper\">\t\t<p class=\"category uppercase is-smaller no-text-overflow product-cat op-8\">\n\t\t\tBo\u00eete de Petri\t\t<\/p>\n\t<p class=\"name product-title woocommerce-loop-product__title\"><a href=\"https:\/\/axquartz.com\/fr\/product\/quartz-xrd-sample-holder\/\" class=\"woocommerce-LoopProduct-link woocommerce-loop-product__link\">Porte-\u00c9chantillon Quartz DRX | Supports d'\u00c9chantillons en Silice Fondue \u00e0 Faible Bruit de Fond<\/a><\/p><\/div><div class=\"price-wrapper\"><\/div><div class=\"overlay-tools\"><a href=\"#quick-view\" class=\"quick-view\" role=\"button\" data-prod=\"870\" aria-haspopup=\"dialog\" aria-expanded=\"false\" data-flatsome-role-button>Aper\u00e7u<\/a><\/div>\t\t\t\t\t\t\t<\/div>\n\t\t\t\t\t\t<\/div>\n\t\t\t\t\t\t<\/div>\n\t\t\t\t\t<\/div><div class=\"col\" >\n\t\t\t\t\t\t<div class=\"col-inner\">\n\t\t\t\t\t\t\n<div class=\"badge-container absolute left top z-1\">\n\n<\/div>\n\t\t\t\t\t\t<div class=\"product-small box has-hover box-shade dark box-text-bottom\">\n\t\t\t\t\t\t\t<div class=\"box-image\" >\n\t\t\t\t\t\t\t\t<div class=\"\" >\n\t\t\t\t\t\t\t\t\t<a href=\"https:\/\/axquartz.com\/fr\/product\/quartz-flow-cells\/\" aria-label=\"Custom Quartz Flow Cells | Precision Fused Silica for Optical &amp; Fluidic Analysis\">\n\t\t\t\t\t\t\t\t\t\t<img loading=\"lazy\" decoding=\"async\" width=\"300\" height=\"300\" src=\"https:\/\/axquartz.com\/wp-content\/uploads\/2024\/12\/\u77f3\u82f1\u6d41\u901a\u6c602-300x300.webp\" class=\"attachment-woocommerce_thumbnail size-woocommerce_thumbnail\" alt=\"Cellules \u00e0 circulation en quartz\" srcset=\"https:\/\/axquartz.com\/wp-content\/uploads\/2024\/12\/\u77f3\u82f1\u6d41\u901a\u6c602-300x300.webp 300w, https:\/\/axquartz.com\/wp-content\/uploads\/2024\/12\/\u77f3\u82f1\u6d41\u901a\u6c602-400x400.webp 400w, https:\/\/axquartz.com\/wp-content\/uploads\/2024\/12\/\u77f3\u82f1\u6d41\u901a\u6c602-280x280.webp 280w, https:\/\/axquartz.com\/wp-content\/uploads\/2024\/12\/\u77f3\u82f1\u6d41\u901a\u6c602-768x768.webp 768w, https:\/\/axquartz.com\/wp-content\/uploads\/2024\/12\/\u77f3\u82f1\u6d41\u901a\u6c602-600x600.webp 600w, https:\/\/axquartz.com\/wp-content\/uploads\/2024\/12\/\u77f3\u82f1\u6d41\u901a\u6c602-100x100.webp 100w, https:\/\/axquartz.com\/wp-content\/uploads\/2024\/12\/\u77f3\u82f1\u6d41\u901a\u6c602.webp 800w\" sizes=\"auto, (max-width: 300px) 100vw, 300px\" title=\"\">\t\t\t\t\t\t\t\t\t<\/a>\n\t\t\t\t\t\t\t\t\t\t\t\t\t\t\t\t\t\t <div class=\"shade\"><\/div>\t\t\t\t\t\t\t\t<\/div>\n\t\t\t\t\t\t\t\t<div class=\"image-tools top right show-on-hover\">\n\t\t\t\t\t\t\t\t\t\t\t\t\t\t\t\t\t<\/div>\n\t\t\t\t\t\t\t\t\t\t\t\t\t\t\t\t\t\t\t\t\t\t\t<\/div>\n\n\t\t\t\t\t\t\t<div class=\"box-text text-center\" >\n\t\t\t\t\t\t\t\t<div class=\"title-wrapper\">\t\t<p class=\"category uppercase is-smaller no-text-overflow product-cat op-8\">\n\t\t\tBo\u00eete de Petri\t\t<\/p>\n\t<p class=\"name product-title woocommerce-loop-product__title\"><a href=\"https:\/\/axquartz.com\/fr\/product\/quartz-flow-cells\/\" class=\"woocommerce-LoopProduct-link woocommerce-loop-product__link\">Cellules de Flux en Quartz Sur Mesure | Silice Fondue de Pr\u00e9cision pour Analyse Optique &amp; Fluidique<\/a><\/p><\/div><div class=\"price-wrapper\"><\/div><div class=\"overlay-tools\"><a href=\"#quick-view\" class=\"quick-view\" role=\"button\" data-prod=\"880\" aria-haspopup=\"dialog\" aria-expanded=\"false\" data-flatsome-role-button>Aper\u00e7u<\/a><\/div>\t\t\t\t\t\t\t<\/div>\n\t\t\t\t\t\t<\/div>\n\t\t\t\t\t\t<\/div>\n\t\t\t\t\t<\/div><div class=\"col\" >\n\t\t\t\t\t\t<div class=\"col-inner\">\n\t\t\t\t\t\t\n<div class=\"badge-container absolute left top z-1\">\n\n<\/div>\n\t\t\t\t\t\t<div class=\"product-small box has-hover box-shade dark box-text-bottom\">\n\t\t\t\t\t\t\t<div class=\"box-image\" >\n\t\t\t\t\t\t\t\t<div class=\"\" >\n\t\t\t\t\t\t\t\t\t<a href=\"https:\/\/axquartz.com\/fr\/product\/quartz-petri-dish\/\" aria-label=\"Quartz Petri Dish | High Purity Fused Silica for UV &amp; High-Temp Applications\">\n\t\t\t\t\t\t\t\t\t\t<img loading=\"lazy\" decoding=\"async\" width=\"300\" height=\"300\" src=\"https:\/\/axquartz.com\/wp-content\/uploads\/2024\/12\/\u77f3\u82f1\u57f9\u517b\u76bf3-300x300.webp\" class=\"attachment-woocommerce_thumbnail size-woocommerce_thumbnail\" alt=\"Bo\u00eete de P\u00e9tri en quartz\" srcset=\"https:\/\/axquartz.com\/wp-content\/uploads\/2024\/12\/\u77f3\u82f1\u57f9\u517b\u76bf3-300x300.webp 300w, https:\/\/axquartz.com\/wp-content\/uploads\/2024\/12\/\u77f3\u82f1\u57f9\u517b\u76bf3-400x400.webp 400w, https:\/\/axquartz.com\/wp-content\/uploads\/2024\/12\/\u77f3\u82f1\u57f9\u517b\u76bf3-280x280.webp 280w, https:\/\/axquartz.com\/wp-content\/uploads\/2024\/12\/\u77f3\u82f1\u57f9\u517b\u76bf3-768x768.webp 768w, https:\/\/axquartz.com\/wp-content\/uploads\/2024\/12\/\u77f3\u82f1\u57f9\u517b\u76bf3-600x600.webp 600w, https:\/\/axquartz.com\/wp-content\/uploads\/2024\/12\/\u77f3\u82f1\u57f9\u517b\u76bf3-100x100.webp 100w, https:\/\/axquartz.com\/wp-content\/uploads\/2024\/12\/\u77f3\u82f1\u57f9\u517b\u76bf3.webp 800w\" sizes=\"auto, (max-width: 300px) 100vw, 300px\" title=\"\">\t\t\t\t\t\t\t\t\t<\/a>\n\t\t\t\t\t\t\t\t\t\t\t\t\t\t\t\t\t\t <div class=\"shade\"><\/div>\t\t\t\t\t\t\t\t<\/div>\n\t\t\t\t\t\t\t\t<div class=\"image-tools top right show-on-hover\">\n\t\t\t\t\t\t\t\t\t\t\t\t\t\t\t\t\t<\/div>\n\t\t\t\t\t\t\t\t\t\t\t\t\t\t\t\t\t\t\t\t\t\t\t<\/div>\n\n\t\t\t\t\t\t\t<div class=\"box-text text-center\" >\n\t\t\t\t\t\t\t\t<div class=\"title-wrapper\">\t\t<p class=\"category uppercase is-smaller no-text-overflow product-cat op-8\">\n\t\t\tBo\u00eete de Petri\t\t<\/p>\n\t<p class=\"name product-title woocommerce-loop-product__title\"><a href=\"https:\/\/axquartz.com\/fr\/product\/quartz-petri-dish\/\" class=\"woocommerce-LoopProduct-link woocommerce-loop-product__link\">Bo\u00eete de P\u00e9tri en Quartz | Silice Fondue Haute Puret\u00e9 pour Applications UV &amp; Haute Temp\u00e9rature<\/a><\/p><\/div><div class=\"price-wrapper\"><\/div><div class=\"overlay-tools\"><a href=\"#quick-view\" class=\"quick-view\" role=\"button\" data-prod=\"888\" aria-haspopup=\"dialog\" aria-expanded=\"false\" data-flatsome-role-button>Aper\u00e7u<\/a><\/div>\t\t\t\t\t\t\t<\/div>\n\t\t\t\t\t\t<\/div>\n\t\t\t\t\t\t<\/div>\n\t\t\t\t\t<\/div><div class=\"col\" >\n\t\t\t\t\t\t<div class=\"col-inner\">\n\t\t\t\t\t\t\n<div class=\"badge-container absolute left top z-1\">\n\n<\/div>\n\t\t\t\t\t\t<div class=\"product-small box has-hover box-shade dark box-text-bottom\">\n\t\t\t\t\t\t\t<div class=\"box-image\" >\n\t\t\t\t\t\t\t\t<div class=\"\" >\n\t\t\t\t\t\t\t\t\t<a href=\"https:\/\/axquartz.com\/fr\/product\/custom-quartz-petri-dish\/\" aria-label=\"Custom Quartz Multi-Well Plates, Fused Silica Reaction Cells &amp; Microreactor Arrays\">\n\t\t\t\t\t\t\t\t\t\t<img loading=\"lazy\" decoding=\"async\" width=\"300\" height=\"300\" src=\"https:\/\/axquartz.com\/wp-content\/uploads\/2024\/12\/\u77f3\u82f1\u57f9\u517b\u76bf\u5b9a\u52364-300x300.webp\" class=\"attachment-woocommerce_thumbnail size-woocommerce_thumbnail\" alt=\"Bo\u00eete de P\u00e9tri en quartz sur mesure\" srcset=\"https:\/\/axquartz.com\/wp-content\/uploads\/2024\/12\/\u77f3\u82f1\u57f9\u517b\u76bf\u5b9a\u52364-300x300.webp 300w, https:\/\/axquartz.com\/wp-content\/uploads\/2024\/12\/\u77f3\u82f1\u57f9\u517b\u76bf\u5b9a\u52364-400x400.webp 400w, https:\/\/axquartz.com\/wp-content\/uploads\/2024\/12\/\u77f3\u82f1\u57f9\u517b\u76bf\u5b9a\u52364-800x800.webp 800w, https:\/\/axquartz.com\/wp-content\/uploads\/2024\/12\/\u77f3\u82f1\u57f9\u517b\u76bf\u5b9a\u52364-280x280.webp 280w, https:\/\/axquartz.com\/wp-content\/uploads\/2024\/12\/\u77f3\u82f1\u57f9\u517b\u76bf\u5b9a\u52364-768x768.webp 768w, https:\/\/axquartz.com\/wp-content\/uploads\/2024\/12\/\u77f3\u82f1\u57f9\u517b\u76bf\u5b9a\u52364-600x600.webp 600w, https:\/\/axquartz.com\/wp-content\/uploads\/2024\/12\/\u77f3\u82f1\u57f9\u517b\u76bf\u5b9a\u52364-100x100.webp 100w, https:\/\/axquartz.com\/wp-content\/uploads\/2024\/12\/\u77f3\u82f1\u57f9\u517b\u76bf\u5b9a\u52364.webp 1037w\" sizes=\"auto, (max-width: 300px) 100vw, 300px\" title=\"\">\t\t\t\t\t\t\t\t\t<\/a>\n\t\t\t\t\t\t\t\t\t\t\t\t\t\t\t\t\t\t <div class=\"shade\"><\/div>\t\t\t\t\t\t\t\t<\/div>\n\t\t\t\t\t\t\t\t<div class=\"image-tools top right show-on-hover\">\n\t\t\t\t\t\t\t\t\t\t\t\t\t\t\t\t\t<\/div>\n\t\t\t\t\t\t\t\t\t\t\t\t\t\t\t\t\t\t\t\t\t\t\t<\/div>\n\n\t\t\t\t\t\t\t<div class=\"box-text text-center\" >\n\t\t\t\t\t\t\t\t<div class=\"title-wrapper\">\t\t<p class=\"category uppercase is-smaller no-text-overflow product-cat op-8\">\n\t\t\tBo\u00eete de Petri\t\t<\/p>\n\t<p class=\"name product-title woocommerce-loop-product__title\"><a href=\"https:\/\/axquartz.com\/fr\/product\/custom-quartz-petri-dish\/\" class=\"woocommerce-LoopProduct-link woocommerce-loop-product__link\">Plaques multi-puits en quartz sur mesure, cellules de r\u00e9action &amp; ensembles de micror\u00e9acteurs<\/a><\/p><\/div><div class=\"price-wrapper\"><\/div><div class=\"overlay-tools\"><a href=\"#quick-view\" class=\"quick-view\" role=\"button\" data-prod=\"893\" aria-haspopup=\"dialog\" aria-expanded=\"false\" data-flatsome-role-button>Aper\u00e7u<\/a><\/div>\t\t\t\t\t\t\t<\/div>\n\t\t\t\t\t\t<\/div>\n\t\t\t\t\t\t<\/div>\n\t\t\t\t\t<\/div><div class=\"col\" >\n\t\t\t\t\t\t<div class=\"col-inner\">\n\t\t\t\t\t\t\n<div class=\"badge-container absolute left top z-1\">\n\n<\/div>\n\t\t\t\t\t\t<div class=\"product-small box has-hover box-shade dark box-text-bottom\">\n\t\t\t\t\t\t\t<div class=\"box-image\" >\n\t\t\t\t\t\t\t\t<div class=\"\" >\n\t\t\t\t\t\t\t\t\t<a href=\"https:\/\/axquartz.com\/fr\/product\/quartz-cylindrical-cuvette\/\" aria-label=\"Custom Quartz Flow Cells, Fused Silica Optical Cuvettes &amp; Fluidic Devices\">\n\t\t\t\t\t\t\t\t\t\t<img loading=\"lazy\" decoding=\"async\" width=\"300\" height=\"300\" src=\"https:\/\/axquartz.com\/wp-content\/uploads\/2024\/12\/\u77f3\u82f1\u5706\u7b52\u5f62\u6bd4\u8272\u76bf5-300x300.webp\" class=\"attachment-woocommerce_thumbnail size-woocommerce_thumbnail\" alt=\"Cuvette cylindrique en quartz\" srcset=\"https:\/\/axquartz.com\/wp-content\/uploads\/2024\/12\/\u77f3\u82f1\u5706\u7b52\u5f62\u6bd4\u8272\u76bf5-300x300.webp 300w, https:\/\/axquartz.com\/wp-content\/uploads\/2024\/12\/\u77f3\u82f1\u5706\u7b52\u5f62\u6bd4\u8272\u76bf5-400x400.webp 400w, https:\/\/axquartz.com\/wp-content\/uploads\/2024\/12\/\u77f3\u82f1\u5706\u7b52\u5f62\u6bd4\u8272\u76bf5-800x800.webp 800w, https:\/\/axquartz.com\/wp-content\/uploads\/2024\/12\/\u77f3\u82f1\u5706\u7b52\u5f62\u6bd4\u8272\u76bf5-280x280.webp 280w, https:\/\/axquartz.com\/wp-content\/uploads\/2024\/12\/\u77f3\u82f1\u5706\u7b52\u5f62\u6bd4\u8272\u76bf5-768x768.webp 768w, https:\/\/axquartz.com\/wp-content\/uploads\/2024\/12\/\u77f3\u82f1\u5706\u7b52\u5f62\u6bd4\u8272\u76bf5-600x600.webp 600w, https:\/\/axquartz.com\/wp-content\/uploads\/2024\/12\/\u77f3\u82f1\u5706\u7b52\u5f62\u6bd4\u8272\u76bf5-100x100.webp 100w, https:\/\/axquartz.com\/wp-content\/uploads\/2024\/12\/\u77f3\u82f1\u5706\u7b52\u5f62\u6bd4\u8272\u76bf5.webp 1037w\" sizes=\"auto, (max-width: 300px) 100vw, 300px\" title=\"\">\t\t\t\t\t\t\t\t\t<\/a>\n\t\t\t\t\t\t\t\t\t\t\t\t\t\t\t\t\t\t <div class=\"shade\"><\/div>\t\t\t\t\t\t\t\t<\/div>\n\t\t\t\t\t\t\t\t<div class=\"image-tools top right show-on-hover\">\n\t\t\t\t\t\t\t\t\t\t\t\t\t\t\t\t\t<\/div>\n\t\t\t\t\t\t\t\t\t\t\t\t\t\t\t\t\t\t\t\t\t\t\t<\/div>\n\n\t\t\t\t\t\t\t<div class=\"box-text text-center\" >\n\t\t\t\t\t\t\t\t<div class=\"title-wrapper\">\t\t<p class=\"category uppercase is-smaller no-text-overflow product-cat op-8\">\n\t\t\tBo\u00eete de Petri\t\t<\/p>\n\t<p class=\"name product-title woocommerce-loop-product__title\"><a href=\"https:\/\/axquartz.com\/fr\/product\/quartz-cylindrical-cuvette\/\" class=\"woocommerce-LoopProduct-link woocommerce-loop-product__link\">Cellules de flux en quartz sur mesure, cuvettes optiques en silice fondue &amp; dispositifs fluidiques<\/a><\/p><\/div><div class=\"price-wrapper\"><\/div><div class=\"overlay-tools\"><a href=\"#quick-view\" class=\"quick-view\" role=\"button\" data-prod=\"895\" aria-haspopup=\"dialog\" aria-expanded=\"false\" data-flatsome-role-button>Aper\u00e7u<\/a><\/div>\t\t\t\t\t\t\t<\/div>\n\t\t\t\t\t\t<\/div>\n\t\t\t\t\t\t<\/div>\n\t\t\t\t\t<\/div><div class=\"col\" >\n\t\t\t\t\t\t<div class=\"col-inner\">\n\t\t\t\t\t\t\n<div class=\"badge-container absolute left top z-1\">\n\n<\/div>\n\t\t\t\t\t\t<div class=\"product-small box has-hover box-shade dark box-text-bottom\">\n\t\t\t\t\t\t\t<div class=\"box-image\" >\n\t\t\t\t\t\t\t\t<div class=\"\" >\n\t\t\t\t\t\t\t\t\t<a href=\"https:\/\/axquartz.com\/fr\/product\/quartz-round-screw-top-cuvette\/\" aria-label=\"Tubes r\u00e9action quartz sur mesure | Verrerie laboratoire silice fondue\">\n\t\t\t\t\t\t\t\t\t\t<img loading=\"lazy\" decoding=\"async\" width=\"300\" height=\"300\" src=\"https:\/\/axquartz.com\/wp-content\/uploads\/2024\/12\/\u77f3\u82f1\u5706\u5f62\u87ba\u53e3\u6bd4\u8272\u76bf6-300x300.webp\" class=\"attachment-woocommerce_thumbnail size-woocommerce_thumbnail\" alt=\"Cuvette ronde en quartz \u00e0 bouchon viss\u00e9\" srcset=\"https:\/\/axquartz.com\/wp-content\/uploads\/2024\/12\/\u77f3\u82f1\u5706\u5f62\u87ba\u53e3\u6bd4\u8272\u76bf6-300x300.webp 300w, https:\/\/axquartz.com\/wp-content\/uploads\/2024\/12\/\u77f3\u82f1\u5706\u5f62\u87ba\u53e3\u6bd4\u8272\u76bf6-400x400.webp 400w, https:\/\/axquartz.com\/wp-content\/uploads\/2024\/12\/\u77f3\u82f1\u5706\u5f62\u87ba\u53e3\u6bd4\u8272\u76bf6-800x800.webp 800w, https:\/\/axquartz.com\/wp-content\/uploads\/2024\/12\/\u77f3\u82f1\u5706\u5f62\u87ba\u53e3\u6bd4\u8272\u76bf6-280x280.webp 280w, https:\/\/axquartz.com\/wp-content\/uploads\/2024\/12\/\u77f3\u82f1\u5706\u5f62\u87ba\u53e3\u6bd4\u8272\u76bf6-768x768.webp 768w, https:\/\/axquartz.com\/wp-content\/uploads\/2024\/12\/\u77f3\u82f1\u5706\u5f62\u87ba\u53e3\u6bd4\u8272\u76bf6-600x600.webp 600w, https:\/\/axquartz.com\/wp-content\/uploads\/2024\/12\/\u77f3\u82f1\u5706\u5f62\u87ba\u53e3\u6bd4\u8272\u76bf6-100x100.webp 100w, https:\/\/axquartz.com\/wp-content\/uploads\/2024\/12\/\u77f3\u82f1\u5706\u5f62\u87ba\u53e3\u6bd4\u8272\u76bf6.webp 1037w\" sizes=\"auto, (max-width: 300px) 100vw, 300px\" title=\"\">\t\t\t\t\t\t\t\t\t<\/a>\n\t\t\t\t\t\t\t\t\t\t\t\t\t\t\t\t\t\t <div class=\"shade\"><\/div>\t\t\t\t\t\t\t\t<\/div>\n\t\t\t\t\t\t\t\t<div class=\"image-tools top right show-on-hover\">\n\t\t\t\t\t\t\t\t\t\t\t\t\t\t\t\t\t<\/div>\n\t\t\t\t\t\t\t\t\t\t\t\t\t\t\t\t\t\t\t\t\t\t\t<\/div>\n\n\t\t\t\t\t\t\t<div class=\"box-text text-center\" >\n\t\t\t\t\t\t\t\t<div class=\"title-wrapper\">\t\t<p class=\"category uppercase is-smaller no-text-overflow product-cat op-8\">\n\t\t\tBo\u00eete de Petri\t\t<\/p>\n\t<p class=\"name product-title woocommerce-loop-product__title\"><a href=\"https:\/\/axquartz.com\/fr\/product\/quartz-round-screw-top-cuvette\/\" class=\"woocommerce-LoopProduct-link woocommerce-loop-product__link\">Tubes r\u00e9action quartz sur mesure | Verrerie laboratoire silice fondue<\/a><\/p><\/div><div class=\"price-wrapper\"><\/div><div class=\"overlay-tools\"><a href=\"#quick-view\" class=\"quick-view\" role=\"button\" data-prod=\"896\" aria-haspopup=\"dialog\" aria-expanded=\"false\" data-flatsome-role-button>Aper\u00e7u<\/a><\/div>\t\t\t\t\t\t\t<\/div>\n\t\t\t\t\t\t<\/div>\n\t\t\t\t\t\t<\/div>\n\t\t\t\t\t<\/div><div class=\"col\" >\n\t\t\t\t\t\t<div class=\"col-inner\">\n\t\t\t\t\t\t\n<div class=\"badge-container absolute left top z-1\">\n\n<\/div>\n\t\t\t\t\t\t<div class=\"product-small box has-hover box-shade dark box-text-bottom\">\n\t\t\t\t\t\t\t<div class=\"box-image\" >\n\t\t\t\t\t\t\t\t<div class=\"\" >\n\t\t\t\t\t\t\t\t\t<a href=\"https:\/\/axquartz.com\/fr\/product\/quartz-branched-tube-reactor\/\" aria-label=\"Custom Quartz Branched Tube Reactors, Multi-Port Vessels &amp; Fused Silica Labware\">\n\t\t\t\t\t\t\t\t\t\t<img loading=\"lazy\" decoding=\"async\" width=\"300\" height=\"300\" src=\"https:\/\/axquartz.com\/wp-content\/uploads\/2025\/01\/1.Quartz-branched-tube-reactor-300x300.webp\" class=\"attachment-woocommerce_thumbnail size-woocommerce_thumbnail\" alt=\"R\u00e9acteur en quartz \u00e0 tube ramifi\u00e9\" srcset=\"https:\/\/axquartz.com\/wp-content\/uploads\/2025\/01\/1.Quartz-branched-tube-reactor-300x300.webp 300w, https:\/\/axquartz.com\/wp-content\/uploads\/2025\/01\/1.Quartz-branched-tube-reactor-400x400.webp 400w, https:\/\/axquartz.com\/wp-content\/uploads\/2025\/01\/1.Quartz-branched-tube-reactor-280x280.webp 280w, https:\/\/axquartz.com\/wp-content\/uploads\/2025\/01\/1.Quartz-branched-tube-reactor-768x768.webp 768w, https:\/\/axquartz.com\/wp-content\/uploads\/2025\/01\/1.Quartz-branched-tube-reactor-600x600.webp 600w, https:\/\/axquartz.com\/wp-content\/uploads\/2025\/01\/1.Quartz-branched-tube-reactor-100x100.webp 100w, https:\/\/axquartz.com\/wp-content\/uploads\/2025\/01\/1.Quartz-branched-tube-reactor.webp 800w\" sizes=\"auto, (max-width: 300px) 100vw, 300px\" title=\"\">\t\t\t\t\t\t\t\t\t<\/a>\n\t\t\t\t\t\t\t\t\t\t\t\t\t\t\t\t\t\t <div class=\"shade\"><\/div>\t\t\t\t\t\t\t\t<\/div>\n\t\t\t\t\t\t\t\t<div class=\"image-tools top right show-on-hover\">\n\t\t\t\t\t\t\t\t\t\t\t\t\t\t\t\t\t<\/div>\n\t\t\t\t\t\t\t\t\t\t\t\t\t\t\t\t\t\t\t\t\t\t\t<\/div>\n\n\t\t\t\t\t\t\t<div class=\"box-text text-center\" >\n\t\t\t\t\t\t\t\t<div class=\"title-wrapper\">\t\t<p class=\"category uppercase is-smaller no-text-overflow product-cat op-8\">\n\t\t\tBo\u00eete de Petri\t\t<\/p>\n\t<p class=\"name product-title woocommerce-loop-product__title\"><a href=\"https:\/\/axquartz.com\/fr\/product\/quartz-branched-tube-reactor\/\" class=\"woocommerce-LoopProduct-link woocommerce-loop-product__link\">R\u00e9acteurs tubulaires ramifi\u00e9s en quartz sur mesure, r\u00e9cipients multi-ports &amp; verrerie de laboratoire en silice fondue<\/a><\/p><\/div><div class=\"price-wrapper\"><\/div><div class=\"overlay-tools\"><a href=\"#quick-view\" class=\"quick-view\" role=\"button\" data-prod=\"1232\" aria-haspopup=\"dialog\" aria-expanded=\"false\" data-flatsome-role-button>Aper\u00e7u<\/a><\/div>\t\t\t\t\t\t\t<\/div>\n\t\t\t\t\t\t<\/div>\n\t\t\t\t\t\t<\/div>\n\t\t\t\t\t<\/div><\/div>","protected":false},"excerpt":{"rendered":"","protected":false},"author":1,"featured_media":0,"parent":0,"menu_order":0,"comment_status":"closed","ping_status":"closed","template":"","meta":{"footnotes":""},"class_list":["post-902","page","type-page","status-publish","hentry"],"_links":{"self":[{"href":"https:\/\/axquartz.com\/fr\/wp-json\/wp\/v2\/pages\/902","targetHints":{"allow":["GET"]}}],"collection":[{"href":"https:\/\/axquartz.com\/fr\/wp-json\/wp\/v2\/pages"}],"about":[{"href":"https:\/\/axquartz.com\/fr\/wp-json\/wp\/v2\/types\/page"}],"author":[{"embeddable":true,"href":"https:\/\/axquartz.com\/fr\/wp-json\/wp\/v2\/users\/1"}],"replies":[{"embeddable":true,"href":"https:\/\/axquartz.com\/fr\/wp-json\/wp\/v2\/comments?post=902"}],"version-history":[{"count":5,"href":"https:\/\/axquartz.com\/fr\/wp-json\/wp\/v2\/pages\/902\/revisions"}],"predecessor-version":[{"id":907,"href":"https:\/\/axquartz.com\/fr\/wp-json\/wp\/v2\/pages\/902\/revisions\/907"}],"wp:attachment":[{"href":"https:\/\/axquartz.com\/fr\/wp-json\/wp\/v2\/media?parent=902"}],"curies":[{"name":"wp","href":"https:\/\/api.w.org\/{rel}","templated":true}]}}